{"id":7276,"date":"2021-12-13T09:30:51","date_gmt":"2021-12-13T09:30:51","guid":{"rendered":"https:\/\/pharus-tech.com\/about-us\/"},"modified":"2025-12-05T22:31:33","modified_gmt":"2025-12-05T19:31:33","slug":"about-us","status":"publish","type":"page","link":"https:\/\/pharus-tech.com\/es\/about-us\/","title":{"rendered":"Acerca de Nosotros"},"content":{"rendered":"\n<h1 class=\"wp-block-heading\" style=\"font-size:54px\">Acerca de Nosotros<\/h1>\n\n\n\n<ul class=\"wp-block-list\">\n<li>Liderar las ac+vidades de dise\u00f1o, producci\u00f3n y posentrega de tecnolog\u00edas, sistemas y componentes de uso civil en las industrias de Equipos Marinos y Aeroespaciales, en cumplimiento de las regulaciones y requisitos legales,<\/li>\n\n\n\n<li>Satisfacer las necesidades y expectativas de las partes interesadas de manera oportuna y de la forma deseada,<\/li>\n\n\n\n<li>Apoyar el desarrollo de productos y servicios innovadores mediante el incremento del nivel educativo de nuestro personal y alent\u00e1ndolos a contribuir con nuevas ideas a nuestros procesos empresariales,<\/li>\n\n\n\n<li>Asegurar la mejora y el desarrollo continuo cumpliendo con los requisitos del Sistema de Gesti\u00f3n de Calidad,<\/li>\n\n\n\n<li>Proveer oportunidades continuas de formaci\u00f3n e intercambio de conocimientos para aumentar la experiencia y especializaci\u00f3n de nuestro personal,<\/li>\n\n\n\n<li>Garantizar un entorno de trabajo seguro y de alta calidad adoptando la salud humana y la seguridad laboral como principio fundamental en todas nuestras actividades,<\/li>\n<\/ul>\n\n\n\n<p class=\"has-text-align-right\"><br>Esta es Nuestra Pol\u00edtica de Calidad.<\/p>\n\n\n\n<h2 class=\"wp-block-heading\"><br>NUESTRA MISI\u00d3N<\/h2>\n\n\n\n<p>Dise\u00f1ar, desarrollar y fabricar sistemas tecnol\u00f3gicos innovadores, competitivos, pioneros y sostenibles para las industrias de equipos marinos y aeroespaciales.<\/p>\n\n\n\n<h2 class=\"wp-block-heading\"><br>NUESTRA VISI\u00d3N<\/h2>\n\n\n\n<p>Con el eslogan \u201cDispositivos innovadores que salvan vidas\u201d, convertirnos en una marca confiable y preferida tanto en los mercados nacionales como globales, con productos desarrollados conforme a est\u00e1ndares originales e internacionales.<\/p>\n\n\n\n<p>ISO9001 Certificate:<\/p>\n\n\n\n<div data-wp-interactive=\"core\/file\" class=\"wp-block-file\"><object data-wp-bind--hidden=\"!state.hasPdfPreview\" hidden class=\"wp-block-file__embed\" data=\"https:\/\/pharus-tech.com\/wp-content\/uploads\/2025\/12\/Iso9001.pdf\" type=\"application\/pdf\" style=\"width:100%;height:600px\" aria-label=\"Incrustado de Iso9001.\"><\/object><a id=\"wp-block-file--media-6fb94902-d937-4911-8b02-82370764454c\" href=\"https:\/\/pharus-tech.com\/wp-content\/uploads\/2025\/12\/Iso9001.pdf\">Iso9001<\/a><a href=\"https:\/\/pharus-tech.com\/wp-content\/uploads\/2025\/12\/Iso9001.pdf\" class=\"wp-block-file__button wp-element-button\" download aria-describedby=\"wp-block-file--media-6fb94902-d937-4911-8b02-82370764454c\">\u0130ndir<\/a><\/div>\n\n\n\n<div data-wp-interactive=\"core\/file\" class=\"wp-block-file\"><object data-wp-bind--hidden=\"!state.hasPdfPreview\" hidden class=\"wp-block-file__embed\" data=\"https:\/\/pharus-tech.com\/wp-content\/uploads\/2025\/12\/DD03-QUALITY-POLICY-Spanish.pdf\" type=\"application\/pdf\" style=\"width:100%;height:600px\" aria-label=\"Incrustado de DD03 QUALITY POLICY - Spanish.\"><\/object><a id=\"wp-block-file--media-1177b50a-b4ea-4484-ba0a-e8bf075a78a9\" href=\"https:\/\/pharus-tech.com\/wp-content\/uploads\/2025\/12\/DD03-QUALITY-POLICY-Spanish.pdf\">DD03 QUALITY POLICY &#8211; Spanish<\/a><a href=\"https:\/\/pharus-tech.com\/wp-content\/uploads\/2025\/12\/DD03-QUALITY-POLICY-Spanish.pdf\" class=\"wp-block-file__button wp-element-button\" download aria-describedby=\"wp-block-file--media-1177b50a-b4ea-4484-ba0a-e8bf075a78a9\">\u0130ndir<\/a><\/div>\n\n\n\n<div data-wp-interactive=\"core\/file\" class=\"wp-block-file\"><object data-wp-bind--hidden=\"!state.hasPdfPreview\" hidden class=\"wp-block-file__embed\" data=\"https:\/\/pharus-tech.com\/wp-content\/uploads\/2025\/12\/DD04-MISSION-AND-VISION-Spanish.pdf\" type=\"application\/pdf\" style=\"width:100%;height:600px\" aria-label=\"Incrustado de DD04 MISSION AND VISION - Spanish.\"><\/object><a id=\"wp-block-file--media-949e18ee-68ce-4945-8c92-7b590b88f155\" href=\"https:\/\/pharus-tech.com\/wp-content\/uploads\/2025\/12\/DD04-MISSION-AND-VISION-Spanish.pdf\">DD04 MISSION AND VISION &#8211; Spanish<\/a><a href=\"https:\/\/pharus-tech.com\/wp-content\/uploads\/2025\/12\/DD04-MISSION-AND-VISION-Spanish.pdf\" class=\"wp-block-file__button wp-element-button\" download aria-describedby=\"wp-block-file--media-949e18ee-68ce-4945-8c92-7b590b88f155\">\u0130ndir<\/a><\/div>\n","protected":false},"excerpt":{"rendered":"<p>Acerca de Nosotros Esta es Nuestra Pol\u00edtica de Calidad. NUESTRA MISI\u00d3N Dise\u00f1ar, desarrollar y fabricar sistemas tecnol\u00f3gicos innovadores, competitivos, pioneros y sostenibles para las industrias de equipos marinos y aeroespaciales.<a href=\"https:\/\/pharus-tech.com\/es\/about-us\/\" class=\"exp-read-more exp-read-more-dots\">&#8230;<\/a><\/p>\n","protected":false},"author":1,"featured_media":0,"parent":0,"menu_order":0,"comment_status":"closed","ping_status":"open","template":"","meta":{"footnotes":""},"class_list":["post-7276","page","type-page","status-publish","hentry"],"_links":{"self":[{"href":"https:\/\/pharus-tech.com\/es\/wp-json\/wp\/v2\/pages\/7276","targetHints":{"allow":["GET"]}}],"collection":[{"href":"https:\/\/pharus-tech.com\/es\/wp-json\/wp\/v2\/pages"}],"about":[{"href":"https:\/\/pharus-tech.com\/es\/wp-json\/wp\/v2\/types\/page"}],"author":[{"embeddable":true,"href":"https:\/\/pharus-tech.com\/es\/wp-json\/wp\/v2\/users\/1"}],"replies":[{"embeddable":true,"href":"https:\/\/pharus-tech.com\/es\/wp-json\/wp\/v2\/comments?post=7276"}],"version-history":[{"count":5,"href":"https:\/\/pharus-tech.com\/es\/wp-json\/wp\/v2\/pages\/7276\/revisions"}],"predecessor-version":[{"id":8400,"href":"https:\/\/pharus-tech.com\/es\/wp-json\/wp\/v2\/pages\/7276\/revisions\/8400"}],"wp:attachment":[{"href":"https:\/\/pharus-tech.com\/es\/wp-json\/wp\/v2\/media?parent=7276"}],"curies":[{"name":"wp","href":"https:\/\/api.w.org\/{rel}","templated":true}]}}