{"id":7280,"date":"2021-12-19T19:57:59","date_gmt":"2021-12-19T19:57:59","guid":{"rendered":"https:\/\/pharus-tech.com\/contact-us\/"},"modified":"2024-11-27T23:19:14","modified_gmt":"2024-11-27T20:19:14","slug":"contact-us","status":"publish","type":"page","link":"https:\/\/pharus-tech.com\/es\/contact-us\/","title":{"rendered":"Cont\u00e1ctenos"},"content":{"rendered":"<div  class=\"tatsu-ByYWyM6ct tatsu-section    tatsu-clearfix\" data-title=\"\"  data-headerscheme=\"background--dark\"><div class='tatsu-section-pad clearfix' data-padding='{\"d\":\"100px 0px 100px 0px\"}' data-padding-top='100px'><div class=\"tatsu-row-wrap  tatsu-wrap tatsu-row-one-col tatsu-row-has-one-cols tatsu-medium-gutter tatsu-reg-cols  tatsu-clearfix tatsu-B1gt-yfT9Y\" ><div  class=\"tatsu-row \" ><div  class=\"tatsu-column  tatsu-column-no-bg tatsu-one-col tatsu-column-image-none tatsu-column-effect-none  tatsu-ryWKbkG6qt\"  data-parallax-speed=\"0\" style=\"\"><div class=\"tatsu-column-inner \" ><div class=\"tatsu-column-pad-wrap\"><div class=\"tatsu-column-pad\" ><div  class = \"tatsu-special-heading-wrap  tatsu-HkfF-JGpqY \"  \"  ><style>.tatsu-HkfF-JGpqY.tatsu-special-heading-wrap{font-size: 13px;margin: 0px 0px 20px 0px;text-align: left;}.tatsu-HkfF-JGpqY.tatsu-special-heading-wrap .tatsu-title{letter-spacing: 2px;}.tatsu-HkfF-JGpqY.tatsu-special-heading-wrap .tatsu-border{background: rgba(39,52,139,1);}<\/style><div class = \"special-heading-inner-wrap tatsu-border-style2 tatsu-expand\" ><div class = \"tatsu-border\" ><\/div><h6 class = \"tatsu-title\">MANT\u00c9NGASE EN CONTACTO<\/h6><\/div><\/div><div  class=\"tatsu-module tatsu-inline-text clearfix tatsu-r1XFW1fa5Y   tatsu-animate\" data-animation=\"fadeInUp\" data-animation-delay=\"300\" ><style>.tatsu-r1XFW1fa5Y .tatsu-inline-text-inner{width: 83%;text-align: left;}@media only screen and (max-width: 767px) {.tatsu-r1XFW1fa5Y .tatsu-inline-text-inner{width: 100%;}}<\/style><div class=\"tatsu-inline-text-inner \">\n<p>Nos gustar\u00eda escuchar sus preguntas y problemas para solucionarlos.<\/p>\n<\/div><\/div><\/div><\/div><div class = \"tatsu-column-bg-image-wrap\"><div class = \"tatsu-column-bg-image tatsu-bg-lazyload\" data-src = \"\"><\/div><\/div><\/div><style>.tatsu-row > .tatsu-ryWKbkG6qt.tatsu-column{width: 100%;}.tatsu-ryWKbkG6qt.tatsu-column > .tatsu-column-inner > .tatsu-column-overlay{mix-blend-mode: none;}.tatsu-ryWKbkG6qt > .tatsu-column-inner > .tatsu-top-divider{z-index: 9999;}.tatsu-ryWKbkG6qt > .tatsu-column-inner > .tatsu-bottom-divider{z-index: 9999;}.tatsu-ryWKbkG6qt > .tatsu-column-inner > .tatsu-left-divider{z-index: 9999;}.tatsu-ryWKbkG6qt > .tatsu-column-inner > .tatsu-right-divider{z-index: 9999;}<\/style><\/div><\/div><\/div><div class=\"tatsu-row-wrap  tatsu-wrap tatsu-row-has-three-cols tatsu-medium-gutter tatsu-reg-cols  tatsu-clearfix tatsu-rJNKZkfpcF\" ><div  class=\"tatsu-row \" ><div  class=\"tatsu-column  tatsu-column-no-bg tatsu-one-third tatsu-column-image-none tatsu-column-effect-none  tatsu-BySK-Jfa9F\"  data-parallax-speed=\"0\" style=\"\"><div class=\"tatsu-column-inner \" ><div class=\"tatsu-column-pad-wrap\"><div class=\"tatsu-column-pad\" >            <div  class = \"tatsu-module tatsu-icon_card  tatsu-HkUYZJGaqK   tatsu-icon_card-type-icon tatsu-icon_card-style1 tatsu-icon_card-align-left tatsu-icon_card-vertical-align-center tatsu-icon_circled tatsu-icon_medium\" >\n                <style>.tatsu-HkUYZJGaqK .tatsu-icon_bg{background: rgba(39,52,139,1);}.tatsu-HkUYZJGaqK .tatsu-icon{color: rgba(245,246,250,1) ;}.tatsu-HkUYZJGaqK .tatsu-icon_card-icon{box-shadow: 0px 0px 15px 0px rgba(198,202,202,0.4);}.tatsu-HkUYZJGaqK .tatsu-icon_card-title, .tatsu-HkUYZJGaqK .tatsu-icon_card-title a{color: rgba(49,50,51,1) ;}.tatsu-HkUYZJGaqK.tatsu-module{margin: 0 0 30px 0;}<\/style>                                    <div class = \"tatsu-icon_card-icon tatsu-icon_bg\">\n                                                    <i aria-label = \"  phone2\" class = \"tatsu-icon tatsu-icon-phone2\">\n                            <\/i>\n                                            <\/div>\n                                                    <div class = \"tatsu-icon_card-title-caption\">\n                                                    <div class = \"tatsu-icon_card-title h9\">\n\t\t\t\t\t\t\t                                <a href = \"tel:908503082021\"  >\n                                    TEL\u00c9FONO                                <\/a>\n\t\t\t\t\t\t\t                            <\/div>\n                                                                            <div class = \"tatsu-icon_card-caption body_1\">\n                                \n<p>+90 850 308 20 21<\/p>\n                            <\/div>\n                                            <\/div>\n                            <\/div>\n    <\/div><\/div><div class = \"tatsu-column-bg-image-wrap\"><div class = \"tatsu-column-bg-image tatsu-bg-lazyload\" data-src = \"\"><\/div><\/div><\/div><style>.tatsu-row > .tatsu-BySK-Jfa9F.tatsu-column{width: 33.33%;}.tatsu-BySK-Jfa9F.tatsu-column > .tatsu-column-inner > .tatsu-column-overlay{mix-blend-mode: none;}.tatsu-BySK-Jfa9F > .tatsu-column-inner > .tatsu-top-divider{z-index: 9999;}.tatsu-BySK-Jfa9F > .tatsu-column-inner > .tatsu-bottom-divider{z-index: 9999;}.tatsu-BySK-Jfa9F > .tatsu-column-inner > .tatsu-left-divider{z-index: 9999;}.tatsu-BySK-Jfa9F > .tatsu-column-inner > .tatsu-right-divider{z-index: 9999;}@media only screen and (min-width:768px) and (max-width: 1024px) {.tatsu-row > .tatsu-BySK-Jfa9F.tatsu-column{width: 50%;}}@media only screen and (max-width: 767px) {.tatsu-row > .tatsu-BySK-Jfa9F.tatsu-column{width: 100%;}}<\/style><\/div><div  class=\"tatsu-column  tatsu-column-no-bg tatsu-one-third tatsu-column-image-none tatsu-column-effect-none  tatsu-BJvtWJfpcF\"  data-parallax-speed=\"0\" style=\"\"><div class=\"tatsu-column-inner \" ><div class=\"tatsu-column-pad-wrap\"><div class=\"tatsu-column-pad\" >            <div  class = \"tatsu-module tatsu-icon_card  tatsu-rk_t-1Mp9F   tatsu-icon_card-type-icon tatsu-icon_card-style1 tatsu-icon_card-align-left tatsu-icon_card-vertical-align-center tatsu-icon_circled tatsu-icon_medium\" >\n                <style>.tatsu-rk_t-1Mp9F .tatsu-icon_bg{background: rgba(39,52,139,1);}.tatsu-rk_t-1Mp9F .tatsu-icon{color: rgba(245,246,250,1) ;}.tatsu-rk_t-1Mp9F .tatsu-icon_card-icon{box-shadow: 0px 0px 15px 0px rgba(198,202,202,0.4);}.tatsu-rk_t-1Mp9F .tatsu-icon_card-title, .tatsu-rk_t-1Mp9F .tatsu-icon_card-title a{color: rgba(49,50,51,1) ;}.tatsu-rk_t-1Mp9F.tatsu-module{margin: 0 0 30px 0;}<\/style>                                    <div class = \"tatsu-icon_card-icon tatsu-icon_bg\">\n                                                    <i aria-label = \"  mail1\" class = \"tatsu-icon tatsu-icon-mail1\">\n                            <\/i>\n                                            <\/div>\n                                                    <div class = \"tatsu-icon_card-title-caption\">\n                                                    <div class = \"tatsu-icon_card-title h9\">\n\t\t\t\t\t\t\t                                <a href = \"mailto:info@pharus-tech.com\"  >\n                                    CORREO ELECTR\u00d3NICO                                <\/a>\n\t\t\t\t\t\t\t                            <\/div>\n                                                                            <div class = \"tatsu-icon_card-caption body_1\">\n                                \n<p>info@pharus-tech.com<\/p>\n                            <\/div>\n                                            <\/div>\n                            <\/div>\n    <\/div><\/div><div class = \"tatsu-column-bg-image-wrap\"><div class = \"tatsu-column-bg-image tatsu-bg-lazyload\" data-src = \"\"><\/div><\/div><\/div><style>.tatsu-row > .tatsu-BJvtWJfpcF.tatsu-column{width: 33.33%;}.tatsu-BJvtWJfpcF.tatsu-column > .tatsu-column-inner > .tatsu-column-overlay{mix-blend-mode: none;}.tatsu-BJvtWJfpcF > .tatsu-column-inner > .tatsu-top-divider{z-index: 9999;}.tatsu-BJvtWJfpcF > .tatsu-column-inner > .tatsu-bottom-divider{z-index: 9999;}.tatsu-BJvtWJfpcF > .tatsu-column-inner > .tatsu-left-divider{z-index: 9999;}.tatsu-BJvtWJfpcF > .tatsu-column-inner > .tatsu-right-divider{z-index: 9999;}@media only screen and (min-width:768px) and (max-width: 1024px) {.tatsu-row > .tatsu-BJvtWJfpcF.tatsu-column{width: 50%;}}@media only screen and (max-width: 767px) {.tatsu-row > .tatsu-BJvtWJfpcF.tatsu-column{width: 100%;}}<\/style><\/div><div  class=\"tatsu-column  tatsu-column-no-bg tatsu-one-third tatsu-column-image-none tatsu-column-effect-none  tatsu-B1FKZ1zpct\"  data-parallax-speed=\"0\" style=\"\"><div class=\"tatsu-column-inner \" ><div class=\"tatsu-column-pad-wrap\"><div class=\"tatsu-column-pad\" >            <div  class = \"tatsu-module tatsu-icon_card  tatsu-SJcYZJGTqt   tatsu-icon_card-type-icon tatsu-icon_card-style1 tatsu-icon_card-align-left tatsu-icon_card-vertical-align-top tatsu-icon_circled tatsu-icon_medium\" >\n                <style>.tatsu-SJcYZJGTqt .tatsu-icon_bg{background: rgba(39,52,139,1);}.tatsu-SJcYZJGTqt .tatsu-icon{color: rgba(245,246,250,1) ;}.tatsu-SJcYZJGTqt .tatsu-icon_card-icon{box-shadow: 0px 0px 15px 0px rgba(198,202,202,0.4);}.tatsu-SJcYZJGTqt .tatsu-icon_card-title, .tatsu-SJcYZJGTqt .tatsu-icon_card-title a{color: rgba(49,50,51,1) ;}.tatsu-SJcYZJGTqt.tatsu-module{margin: 0 0 30px 0;}<\/style>                                    <div class = \"tatsu-icon_card-icon tatsu-icon_bg\">\n                                                    <i aria-label = \"  locationpin\" class = \"tatsu-icon tatsu-icon-location-pin\">\n                            <\/i>\n                                            <\/div>\n                                                    <div class = \"tatsu-icon_card-title-caption\">\n                                                    <div class = \"tatsu-icon_card-title h9\">\n\t\t\t\t\t\t\t                                <a href = \"#\"  >\n                                    DIRECCI\u00d3N                                <\/a>\n\t\t\t\t\t\t\t                            <\/div>\n                                                                            <div class = \"tatsu-icon_card-caption body_1\">\n                                \n<div>\u0130vedikk\u00f6y Mah. Melih G\u00f6k\u00e7ek Blv. Bina No 140 (OSBT\u00fcrk Plaza). Ofis 45. Yenimahalle &#8211; Ankara<\/div>\n<div>\u00a0<\/div>\n                            <\/div>\n                                            <\/div>\n                            <\/div>\n    <\/div><\/div><div class = \"tatsu-column-bg-image-wrap\"><div class = \"tatsu-column-bg-image tatsu-bg-lazyload\" data-src = \"\"><\/div><\/div><\/div><style>.tatsu-row > .tatsu-B1FKZ1zpct.tatsu-column{width: 33.33%;}.tatsu-B1FKZ1zpct.tatsu-column > .tatsu-column-inner > .tatsu-column-overlay{mix-blend-mode: none;}.tatsu-B1FKZ1zpct > .tatsu-column-inner > .tatsu-top-divider{z-index: 9999;}.tatsu-B1FKZ1zpct > .tatsu-column-inner > .tatsu-bottom-divider{z-index: 9999;}.tatsu-B1FKZ1zpct > .tatsu-column-inner > .tatsu-left-divider{z-index: 9999;}.tatsu-B1FKZ1zpct > .tatsu-column-inner > .tatsu-right-divider{z-index: 9999;}@media only screen and (min-width:768px) and (max-width: 1024px) {.tatsu-row > .tatsu-B1FKZ1zpct.tatsu-column{width: 100%;}}@media only screen and (max-width: 767px) {.tatsu-row > .tatsu-B1FKZ1zpct.tatsu-column{width: 100%;}}<\/style><\/div><\/div><\/div><div class=\"tatsu-row-wrap  tatsu-wrap tatsu-row-one-col tatsu-row-has-one-cols tatsu-medium-gutter tatsu-reg-cols  tatsu-clearfix tatsu-S1iKbyfp9Y\" ><div  class=\"tatsu-row \" ><div  class=\"tatsu-column  tatsu-column-no-bg tatsu-column-empty tatsu-one-col tatsu-column-image-none tatsu-column-effect-none  tatsu-SJhYZyG6qF\"  data-parallax-speed=\"0\" style=\"\"><div class=\"tatsu-column-inner \" ><div class=\"tatsu-column-pad-wrap\"><div class=\"tatsu-column-pad\" ><\/div><\/div><div class = \"tatsu-column-bg-image-wrap\"><div class = \"tatsu-column-bg-image tatsu-bg-lazyload\" data-src = \"\"><\/div><\/div><\/div><style>.tatsu-row > .tatsu-SJhYZyG6qF.tatsu-column{width: 100%;}.tatsu-SJhYZyG6qF.tatsu-column > .tatsu-column-inner > .tatsu-column-overlay{mix-blend-mode: none;}.tatsu-SJhYZyG6qF > .tatsu-column-inner > .tatsu-top-divider{z-index: 9999;}.tatsu-SJhYZyG6qF > .tatsu-column-inner > .tatsu-bottom-divider{z-index: 9999;}.tatsu-SJhYZyG6qF > .tatsu-column-inner > .tatsu-left-divider{z-index: 9999;}.tatsu-SJhYZyG6qF > .tatsu-column-inner > .tatsu-right-divider{z-index: 9999;}@media only screen and (max-width:1377px) {.tatsu-row > .tatsu-SJhYZyG6qF.tatsu-column{width: 100%;}}@media only screen and (min-width:768px) and (max-width: 1024px) {.tatsu-row > .tatsu-SJhYZyG6qF.tatsu-column{width: 100%;}}@media only screen and (max-width: 767px) {.tatsu-row > .tatsu-SJhYZyG6qF.tatsu-column{width: 100%;}}<\/style><\/div><\/div><\/div><\/div><div class=\"tatsu-section-background-wrap\"><div class = \"tatsu-section-background tatsu-bg-lazyload\" data-src = \"\"><\/div><\/div><style>.tatsu-ByYWyM6ct .tatsu-section-pad{padding: 100px 0px 100px 0px;}.tatsu-ByYWyM6ct > .tatsu-bottom-divider{z-index: 9999;}.tatsu-ByYWyM6ct > .tatsu-top-divider{z-index: 9999;}<\/style><\/div>\n","protected":false},"excerpt":{"rendered":"<p><a href=\"https:\/\/pharus-tech.com\/es\/contact-us\/\" class=\"exp-read-more exp-read-more-dots\">&#8230;<\/a><\/p>\n","protected":false},"author":1,"featured_media":0,"parent":0,"menu_order":0,"comment_status":"closed","ping_status":"open","template":"","meta":{"footnotes":""},"class_list":["post-7280","page","type-page","status-publish","hentry"],"_links":{"self":[{"href":"https:\/\/pharus-tech.com\/es\/wp-json\/wp\/v2\/pages\/7280","targetHints":{"allow":["GET"]}}],"collection":[{"href":"https:\/\/pharus-tech.com\/es\/wp-json\/wp\/v2\/pages"}],"about":[{"href":"https:\/\/pharus-tech.com\/es\/wp-json\/wp\/v2\/types\/page"}],"author":[{"embeddable":true,"href":"https:\/\/pharus-tech.com\/es\/wp-json\/wp\/v2\/users\/1"}],"replies":[{"embeddable":true,"href":"https:\/\/pharus-tech.com\/es\/wp-json\/wp\/v2\/comments?post=7280"}],"version-history":[{"count":5,"href":"https:\/\/pharus-tech.com\/es\/wp-json\/wp\/v2\/pages\/7280\/revisions"}],"predecessor-version":[{"id":8067,"href":"https:\/\/pharus-tech.com\/es\/wp-json\/wp\/v2\/pages\/7280\/revisions\/8067"}],"wp:attachment":[{"href":"https:\/\/pharus-tech.com\/es\/wp-json\/wp\/v2\/media?parent=7280"}],"curies":[{"name":"wp","href":"https:\/\/api.w.org\/{rel}","templated":true}]}}