{"id":7301,"date":"2022-05-15T10:14:12","date_gmt":"2022-05-15T10:14:12","guid":{"rendered":"https:\/\/pharus-tech.com\/distance-selling-agreement\/"},"modified":"2024-01-28T20:08:36","modified_gmt":"2024-01-28T17:08:36","slug":"distance-selling-agreement","status":"publish","type":"page","link":"https:\/\/pharus-tech.com\/es\/distance-selling-agreement\/","title":{"rendered":"Contrato de Venta a Distancia"},"content":{"rendered":"\n<p><strong>Contrato de Venta a Distancia<\/strong><\/p>\n\n\n\n<ol class=\"wp-block-list\">\n<li><strong>PARTES DEL CONTRATO<\/strong><\/li>\n<\/ol>\n\n\n\n<p>Este Contrato de Venta a Distancia se ejecuta entre PHARUS-TECH (\u201cNosotros\u201d \u201cNuestro\u201d) y el cliente (\u201cComprador\u201d \u201cCliente\u201d \u201cMiembro\u201d \u201cUsted\u201d) que se ha registrado en el Sitio Web y\/o el cliente Miembro en el momento de la aprobaci\u00f3n por el Miembro en el entorno electr\u00f3nico con respecto al uso del Sitio Web. El Miembro acepta y declara que ha le\u00eddo completamente el Contrato de Membres\u00eda y el Contrato de Venta a Distancia y entiende completamente el contenido del Contrato y aprueba todas sus disposiciones al iniciar sesi\u00f3n en el Sitio Web y\/o al convertirse en Miembro.<\/p>\n\n\n\n<p>Para realizar compras en el Sitio, se requerir\u00e1 que proporcione sus datos personales. En particular, debe proporcionar su nombre real, n\u00famero de tel\u00e9fono, direcci\u00f3n de correo electr\u00f3nico y otra informaci\u00f3n solicitada como se indica. Adem\u00e1s, se requerir\u00e1 que proporcione detalles de pago que usted representa y garantiza que son v\u00e1lidos y correctos y confirma que usted es la persona mencionada en la informaci\u00f3n de Facturaci\u00f3n proporcionada. Los productos comprados por el Comprador son para uso personal o para regalar y no deben ser revendidos, utilizados con fines comerciales o cualquier otro beneficio comercial.<\/p>\n\n\n\n<p>2. <strong>OBJETO DEL CONTRATO<\/strong><\/p>\n\n\n\n<p>El objeto de este Contrato es determinar los derechos y obligaciones mutuos de las Partes de acuerdo con las disposiciones de la Ley 6502 sobre la Protecci\u00f3n de los Consumidores y el Reglamento sobre Contratos de Venta a Distancia <\/p>\n\n\n\n<p>as\u00ed como todas las dem\u00e1s regulaciones y aplicaciones aplicables relacionadas con la venta\/compra y entrega del(los) producto(s) con las propiedades indicadas a continuaci\u00f3n y el precio de venta ordenado por el Comprador a trav\u00e9s del entorno electr\u00f3nico en el sitio web www.pharus-tech.com (en adelante \u201cel Sitio Web\u201d o \u201cel Sitio\u201d).<\/p>\n\n\n\n<p>3. <strong>PRODUCTOS OBJETO DEL CONTRATO<\/strong><\/p>\n\n\n\n<p><strong>3.1 Pedidos:<\/strong>\u00a0Todos los pedidos est\u00e1n sujetos a aceptaci\u00f3n y disponibilidad. PHARUS-TECH ofrece productos para la venta que est\u00e1n disponibles para env\u00edo desde nuestro lado. Ocasionalmente, sin embargo, podemos estar esperando env\u00edos de nuestros proveedores.<\/p>\n\n\n\n<p><strong>3.2. Aceptaci\u00f3n del Pago:<\/strong>\u00a0Una vez que el Comprador haya hecho su elecci\u00f3n y su pedido haya sido realizado, recibir\u00e1 un correo electr\u00f3nico reconociendo los detalles de su pedido. Este correo electr\u00f3nico NO es una aceptaci\u00f3n de su pedido, solo una confirmaci\u00f3n de que UIPRINT lo ha recibido.<\/p>\n\n\n\n<p>A menos que el Comprador cancele su pedido, la aceptaci\u00f3n de su pedido y la finalizaci\u00f3n del contrato entre el Comprador y PHARUS-TECH se completar\u00e1 cuando PHARUS-TECH le env\u00ede un correo electr\u00f3nico para confirmar. Por lo tanto, el contrato de venta se concluye en Ankara, Turqu\u00eda y el idioma del contrato es ingl\u00e9s y\/o turco. Ni nuestro procesador de pagos de terceros ni nuestro mensajero designado tienen autoridad para aceptar un pedido en nombre de PHARUS-TECH.<\/p>\n\n\n\n<p>PHARUS-TECH se reserva el derecho de no aceptar su pedido en caso de, por ejemplo, que no podamos obtener autorizaci\u00f3n para el pago, que se apliquen restricciones de env\u00edo a un art\u00edculo en particular, que el art\u00edculo solicitado no est\u00e9 disponible o que el Comprador no cumpla con los criterios de elegibilidad establecidos en este Acuerdo.<\/p>\n\n\n\n<p>Aunque se hace todo lo posible para asegurarse de que los detalles en nuestro sitio web sean precisos, de vez en cuando podemos descubrir un error en el precio de los productos. Si descubrimos un error en el precio de un producto en su pedido, le informaremos lo antes posible. No estamos bajo ninguna obligaci\u00f3n de aceptar o cumplir un pedido de un producto que se anunci\u00f3 a un precio incorrecto y nos reservamos el derecho de cancelar dicho pedido que ha sido aceptado o est\u00e1 en tr\u00e1nsito. Si usted realiza un pedido de un producto que tiene un precio incorrecto por cualquier motivo, le informaremos que no hemos aceptado su pedido y\/o que la parte relevante de su pedido ha sido cancelada. Si ya ha pagado por los bienes, le reembolsaremos la cantidad completa tan pronto como nos sea posible.<\/p>\n\n\n\n<p><strong>3.3. Pol\u00edtica de Precios<\/strong>: Los precios de los productos se establecen cuando los art\u00edculos se agregan a la tienda en l\u00ednea. Los compradores que compren desde un pa\u00eds atendido como Incoterms 2010 DDP incurrir\u00e1n en el deber de importaci\u00f3n relevante y en los costos fiscales. Estos costos est\u00e1n incluidos en el precio final de compra. Los compradores que compren desde un pa\u00eds atendido como Incoterms 2010 DDU ser\u00e1n cobrados solo por los art\u00edculos comprados y los costos de env\u00edo. Los costos de impuestos o aranceles de importaci\u00f3n se facturar\u00e1n directamente a usted desde UPS o Servicio de Env\u00edo Est\u00e1ndar.<\/p>\n\n\n\n<p><strong>3.4. Tipo de Pago:\u00a0<\/strong>PHARUS-TECH acepta Visa y MasterCard. El Comprador confirma que la tarjeta de cr\u00e9dito\/d\u00e9bito que est\u00e1 utilizando es suya o que ha sido espec\u00edficamente autorizado por el propietario de la tarjeta de cr\u00e9dito\/d\u00e9bito para usarla. Todos los titulares de tarjetas de cr\u00e9dito\/d\u00e9bito est\u00e1n sujetos a controles de validaci\u00f3n y autorizaci\u00f3n por parte del emisor de la tarjeta. Si el emisor de su tarjeta de pago se niega a autorizar el pago a PHARUS-TECH, PHARUS-TECH no ser\u00e1 responsable de ning\u00fan retraso o falta de entrega. Para ayudar a garantizar que su experiencia de compra sea segura, simple y segura, PHARUS-TECH utiliza tecnolog\u00eda Secure Socket Layer (SSL). Adem\u00e1s, tomamos un cuidado razonable, en la medida en que est\u00e1 en nuestro poder hacerlo, para mantener seguros los detalles de su pedido y pago, pero en ausencia de negligencia de nuestra parte, no podemos ser responsables de ninguna p\u00e9rdida que pueda sufrir si un tercero obtiene acceso no autorizado a cualquier dato que proporcione al acceder o realizar un pedido desde el Sitio.<\/p>\n\n\n\n<p><strong>3.5. Seguro y Entrega:\u00a0<\/strong>El tipo, cantidad, modelo, color, precio de venta e informaci\u00f3n de entrega del Producto se proporciona por el cliente en el sitio web. El(los) Producto(s) se entregar\u00e1n por correo electr\u00f3nico al usuario<\/p>\n\n\n\n<p>4. <strong>CONDICIONES GENERALES<\/strong><\/p>\n\n\n\n<p><strong>4.1.<\/strong>\u00a0El Comprador declara por la presente que ha aprendido la informaci\u00f3n sobre las propiedades b\u00e1sicas, el precio de venta del(los) Producto(s), tipo de pago y la otra informaci\u00f3n preliminar incluyendo la informaci\u00f3n de entrega del sitio web, y que ha acordado y confirmado dicha informaci\u00f3n a trav\u00e9s del entorno electr\u00f3nico.<\/p>\n\n\n\n<p><strong>4.2.<\/strong>\u00a0Tambi\u00e9n se considerar\u00e1 que el Comprador ha acordado que ha obtenido la informaci\u00f3n sobre las propiedades b\u00e1sicas, en precio del Producto en una o todas las monedas mostradas en el Sitio Web, tipo de pago e informaci\u00f3n de entrega completamente y en su totalidad con su acuerdo sobre la informaci\u00f3n preliminar a trav\u00e9s del entorno electr\u00f3nico antes de la ejecuci\u00f3n del Contrato de Distancia.<\/p>\n\n\n\n<p><strong>4.3.<\/strong>\u00a0Los Productos objeto del Contrato ser\u00e1n entregados al Comprador o a la direcci\u00f3n proporcionada por el Comprador o a la persona\/entidad que ser\u00e1 designada por el Comprador dentro del per\u00edodo prescrito en la informaci\u00f3n preliminar en el Sitio Web.<\/p>\n\n\n\n<p><strong>4.4.<\/strong>Es necesario confirmar el formulario de informaci\u00f3n preliminar a trav\u00e9s del entorno electr\u00f3nico para la entrega de los Productos. PHARUS-TECH ser\u00e1 liberado de sus obligaciones en virtud del presente en caso de no pago del precio de los Productos.<\/p>\n\n\n\n<p><strong>4.5.<\/strong>\u00a0PHARUS-TECH informar\u00e1 cualquier fallo de entrega dentro del per\u00edodo prescrito. En tal caso, el Comprador puede optar por cancelar el pedido, En caso de cancelaci\u00f3n del pedido por parte del Comprador, el precio de los Productos se devolver\u00e1 al banco dentro de los siete (7) d\u00edas desde la cancelaci\u00f3n. Dado que habr\u00e1 un proceso bancario relacionado con la transacci\u00f3n de devoluci\u00f3n, el Comprador entiende y acepta que PHARUS-TECH no podr\u00e1 controlar ning\u00fan retraso y en consecuencia no ser\u00e1 responsable del per\u00edodo desde la devoluci\u00f3n del monto a la tarjeta de cr\u00e9dito y su reflejo en la cuenta de la tarjeta por el banco.<\/p>\n\n\n\n<p>Si el Comprador va a utilizar su derecho de cancelaci\u00f3n, o si el Producto objeto del Contrato no puede ser suministrado por cualquier motivo o si el Comit\u00e9 de Arbitraje de Consumidores decide devolver el pago del pedido al Comprador, el procedimiento de devoluci\u00f3n del monto a la tarjeta de cr\u00e9dito ser\u00e1 el siguiente:<\/p>\n\n\n\n<p>En caso de devoluci\u00f3n de los bienes y servicios pagados a trav\u00e9s de una tarjeta de cr\u00e9dito, PHARUS-TECH no podr\u00e1 devolver el monto recaudado en efectivo de acuerdo con su acuerdo con el banco. La devoluci\u00f3n a la tarjeta de cr\u00e9dito se realizar\u00e1 como se define arriba por el banco tras la devoluci\u00f3n del monto por PHARUS-TECH en un solo monto.<\/p>\n\n\n\n<p>5. <strong>INCUMPLIMIENTO Y CONSECUENCIAS LEGALES<\/strong><\/p>\n\n\n\n<p>Si el Comprador no realiza ning\u00fan pago relacionado con las transacciones realizadas con una tarjeta de cr\u00e9dito, pagar\u00e1 el monto de inter\u00e9s y ser\u00e1 responsable ante el banco de acuerdo con el contrato de tarjeta de cr\u00e9dito concluido entre \u00e9l y el banco. En cualquier caso, el Banco puede utilizar los remedios legales aplicables; solicitar el reembolso de cualquier gasto legal y honorarios de abogados del Comprador, y el Comprador acepta pagar cualquier p\u00e9rdida y da\u00f1o incurrido por PHARUS-TECH debido al desempe\u00f1o tard\u00edo de la deuda por el Comprador, en cualquier caso.<\/p>\n\n\n\n<p>6. <strong>PRODUCTOS PARA LOS QUE NO SE PERMITE EL DERECHO DE RETRACTACI\u00d3N<\/strong><\/p>\n\n\n\n<p>No se permite la devoluci\u00f3n de productos que no puedan ser devueltos de acuerdo con sus propiedades, productos de un solo uso, software y programas reproducibles, documentos duplicables y bienes perecederos o productos.<\/p>\n\n\n\n<p>7. <strong>RESOLUCI\u00d3N DE DISPUTAS Y JURISDICCI\u00d3N COMPETENTE<\/strong><\/p>\n\n\n\n<p>Los Comit\u00e9s de Arbitraje de Consumidores y los Tribunales de Consumidores ubicados en el lugar de domicilio del Comprador y el lugar de compra de los Productos resolver\u00e1n cualquier disputa entre las Partes relacionada con el Contrato hasta el valor declarado por el Ministerio de Aduanas y Comercio (TR).<\/p>\n","protected":false},"excerpt":{"rendered":"<p>Contrato de Venta a Distancia Este Contrato de Venta a Distancia se ejecuta entre PHARUS-TECH (\u201cNosotros\u201d \u201cNuestro\u201d) y el cliente (\u201cComprador\u201d \u201cCliente\u201d \u201cMiembro\u201d \u201cUsted\u201d) que se ha registrado en el<a href=\"https:\/\/pharus-tech.com\/es\/distance-selling-agreement\/\" class=\"exp-read-more exp-read-more-dots\">&#8230;<\/a><\/p>\n","protected":false},"author":1,"featured_media":0,"parent":0,"menu_order":0,"comment_status":"closed","ping_status":"open","template":"","meta":{"footnotes":""},"class_list":["post-7301","page","type-page","status-publish","hentry"],"_links":{"self":[{"href":"https:\/\/pharus-tech.com\/es\/wp-json\/wp\/v2\/pages\/7301","targetHints":{"allow":["GET"]}}],"collection":[{"href":"https:\/\/pharus-tech.com\/es\/wp-json\/wp\/v2\/pages"}],"about":[{"href":"https:\/\/pharus-tech.com\/es\/wp-json\/wp\/v2\/types\/page"}],"author":[{"embeddable":true,"href":"https:\/\/pharus-tech.com\/es\/wp-json\/wp\/v2\/users\/1"}],"replies":[{"embeddable":true,"href":"https:\/\/pharus-tech.com\/es\/wp-json\/wp\/v2\/comments?post=7301"}],"version-history":[{"count":2,"href":"https:\/\/pharus-tech.com\/es\/wp-json\/wp\/v2\/pages\/7301\/revisions"}],"predecessor-version":[{"id":7303,"href":"https:\/\/pharus-tech.com\/es\/wp-json\/wp\/v2\/pages\/7301\/revisions\/7303"}],"wp:attachment":[{"href":"https:\/\/pharus-tech.com\/es\/wp-json\/wp\/v2\/media?parent=7301"}],"curies":[{"name":"wp","href":"https:\/\/api.w.org\/{rel}","templated":true}]}}