{"id":7379,"date":"2021-12-13T09:30:51","date_gmt":"2021-12-13T09:30:51","guid":{"rendered":"https:\/\/pharus-tech.com\/about-us\/"},"modified":"2025-12-05T22:11:09","modified_gmt":"2025-12-05T19:11:09","slug":"about-us","status":"publish","type":"page","link":"https:\/\/pharus-tech.com\/fr\/about-us\/","title":{"rendered":"\u00c0 Propos de Nous"},"content":{"rendered":"\n<h1 class=\"wp-block-heading\" style=\"font-size:54px\">\u00c0 Propos de Nous<\/h1>\n\n\n\n<ul class=\"wp-block-list\">\n<li>Mener les activit\u00e9s de conception, de production et de post-livraison de technologies, syst\u00e8mes et composants \u00e0 usage civil dans les industries des \u00e9quipements marins et a\u00e9rospatiaux, en conformit\u00e9 avec les r\u00e9glementations et exigences l\u00e9gales,<\/li>\n\n\n\n<li>R\u00e9pondre aux besoins et attentes des parties prenantes en temps voulu et de la mani\u00e8re souhait\u00e9e,<\/li>\n\n\n\n<li>Soutenir le d\u00e9veloppement de produits et services innovants en augmentant le niveau de formation de notre personnel et en les encourageant \u00e0 contribuer de nouvelles id\u00e9es \u00e0 nos processus commerciaux,<\/li>\n\n\n\n<li>Assurer l&rsquo;am\u00e9lioration et le d\u00e9veloppement continus en respectant les exigences du Syst\u00e8me de Management de la Qualit\u00e9,<\/li>\n\n\n\n<li>Fournir des opportunit\u00e9s continues de formation et de partage de connaissances pour renforcer l\u2019expertise et l\u2019exp\u00e9rience de notre personnel,<\/li>\n\n\n\n<li>Garantir un environnement de travail s\u00fbr et de haute qualit\u00e9 en adoptant la sant\u00e9 humaine et la s\u00e9curit\u00e9 au travail comme principe fondamental dans toutes nos ac*vit\u00e9s,<\/li>\n<\/ul>\n\n\n\n<p class=\"has-text-align-right\"><br>Voici Notre Politique de Qualit\u00e9.<\/p>\n\n\n\n<h2 class=\"wp-block-heading\"><br><strong>NOTRE MISSION<\/strong><\/h2>\n\n\n\n<p>Concevoir, d\u00e9velopper et fabriquer des syst\u00e8mes technologiques innovants, comp\u00e9titifs, pionniers et durables pour les industries des \u00e9quipements marins et a\u00e9rospatiaux.<\/p>\n\n\n\n<h2 class=\"wp-block-heading\"><br><strong>NOTRE VISION<\/strong><\/h2>\n\n\n\n<p>Avec le slogan \u00ab Appareils innovants qui sauvent des vies \u00bb, devenir une marque de confiance, pr\u00e9f\u00e9r\u00e9e sur les march\u00e9s nationaux et internationaux, gr\u00e2ce \u00e0 des produits d\u00e9velopp\u00e9s conform\u00e9ment aux normes originales et internationales.<\/p>\n\n\n\n<p>ISO9001 Certificate:<\/p>\n\n\n\n<div data-wp-interactive=\"core\/file\" class=\"wp-block-file\"><object data-wp-bind--hidden=\"!state.hasPdfPreview\" hidden class=\"wp-block-file__embed\" data=\"https:\/\/pharus-tech.com\/wp-content\/uploads\/2025\/12\/Iso9001.pdf\" type=\"application\/pdf\" style=\"width:100%;height:600px\" aria-label=\"Contenu embarqu\u00e9 Iso9001.\"><\/object><a id=\"wp-block-file--media-6fb94902-d937-4911-8b02-82370764454c\" href=\"https:\/\/pharus-tech.com\/wp-content\/uploads\/2025\/12\/Iso9001.pdf\">Iso9001<\/a><a href=\"https:\/\/pharus-tech.com\/wp-content\/uploads\/2025\/12\/Iso9001.pdf\" class=\"wp-block-file__button wp-element-button\" download aria-describedby=\"wp-block-file--media-6fb94902-d937-4911-8b02-82370764454c\">\u0130ndir<\/a><\/div>\n\n\n\n<div data-wp-interactive=\"core\/file\" class=\"wp-block-file\"><object data-wp-bind--hidden=\"!state.hasPdfPreview\" hidden class=\"wp-block-file__embed\" data=\"https:\/\/pharus-tech.com\/wp-content\/uploads\/2025\/12\/DD03-QUALITY-POLICY-French.pdf\" type=\"application\/pdf\" style=\"width:100%;height:600px\" aria-label=\"Contenu embarqu\u00e9 DD03 QUALITY POLICY - French.\"><\/object><a id=\"wp-block-file--media-0f580b0b-290b-4726-81e9-52fe33fc33b6\" href=\"https:\/\/pharus-tech.com\/wp-content\/uploads\/2025\/12\/DD03-QUALITY-POLICY-French.pdf\">DD03 QUALITY POLICY &#8211; French<\/a><a href=\"https:\/\/pharus-tech.com\/wp-content\/uploads\/2025\/12\/DD03-QUALITY-POLICY-French.pdf\" class=\"wp-block-file__button wp-element-button\" download aria-describedby=\"wp-block-file--media-0f580b0b-290b-4726-81e9-52fe33fc33b6\">\u0130ndir<\/a><\/div>\n\n\n\n<div data-wp-interactive=\"core\/file\" class=\"wp-block-file\"><object data-wp-bind--hidden=\"!state.hasPdfPreview\" hidden class=\"wp-block-file__embed\" data=\"https:\/\/pharus-tech.com\/wp-content\/uploads\/2025\/12\/DD04-MISSION-AND-VISION-French.pdf\" type=\"application\/pdf\" style=\"width:100%;height:600px\" aria-label=\"Contenu embarqu\u00e9 DD04 MISSION AND VISION - French.\"><\/object><a id=\"wp-block-file--media-9c6c3b31-e133-48b5-b1df-3ee3cae6d60b\" href=\"https:\/\/pharus-tech.com\/wp-content\/uploads\/2025\/12\/DD04-MISSION-AND-VISION-French.pdf\">DD04 MISSION AND VISION &#8211; French<\/a><a href=\"https:\/\/pharus-tech.com\/wp-content\/uploads\/2025\/12\/DD04-MISSION-AND-VISION-French.pdf\" class=\"wp-block-file__button wp-element-button\" download aria-describedby=\"wp-block-file--media-9c6c3b31-e133-48b5-b1df-3ee3cae6d60b\">\u0130ndir<\/a><\/div>\n","protected":false},"excerpt":{"rendered":"<p>\u00c0 Propos de Nous Voici Notre Politique de Qualit\u00e9. NOTRE MISSION Concevoir, d\u00e9velopper et fabriquer des syst\u00e8mes technologiques innovants, comp\u00e9titifs, pionniers et durables pour les industries des \u00e9quipements marins et<a href=\"https:\/\/pharus-tech.com\/fr\/about-us\/\" class=\"exp-read-more exp-read-more-dots\">&#8230;<\/a><\/p>\n","protected":false},"author":1,"featured_media":0,"parent":0,"menu_order":0,"comment_status":"closed","ping_status":"open","template":"","meta":{"footnotes":""},"class_list":["post-7379","page","type-page","status-publish","hentry"],"_links":{"self":[{"href":"https:\/\/pharus-tech.com\/fr\/wp-json\/wp\/v2\/pages\/7379","targetHints":{"allow":["GET"]}}],"collection":[{"href":"https:\/\/pharus-tech.com\/fr\/wp-json\/wp\/v2\/pages"}],"about":[{"href":"https:\/\/pharus-tech.com\/fr\/wp-json\/wp\/v2\/types\/page"}],"author":[{"embeddable":true,"href":"https:\/\/pharus-tech.com\/fr\/wp-json\/wp\/v2\/users\/1"}],"replies":[{"embeddable":true,"href":"https:\/\/pharus-tech.com\/fr\/wp-json\/wp\/v2\/comments?post=7379"}],"version-history":[{"count":4,"href":"https:\/\/pharus-tech.com\/fr\/wp-json\/wp\/v2\/pages\/7379\/revisions"}],"predecessor-version":[{"id":8344,"href":"https:\/\/pharus-tech.com\/fr\/wp-json\/wp\/v2\/pages\/7379\/revisions\/8344"}],"wp:attachment":[{"href":"https:\/\/pharus-tech.com\/fr\/wp-json\/wp\/v2\/media?parent=7379"}],"curies":[{"name":"wp","href":"https:\/\/api.w.org\/{rel}","templated":true}]}}