{"id":7399,"date":"2022-05-15T10:14:12","date_gmt":"2022-05-15T10:14:12","guid":{"rendered":"https:\/\/pharus-tech.com\/distance-selling-agreement\/"},"modified":"2024-01-30T23:05:25","modified_gmt":"2024-01-30T20:05:25","slug":"distance-selling-agreement","status":"publish","type":"page","link":"https:\/\/pharus-tech.com\/fr\/distance-selling-agreement\/","title":{"rendered":"Contrat de Vente \u00e0 Distance"},"content":{"rendered":"\n<p><strong>Contrat de Vente \u00e0 Distance<\/strong><\/p>\n\n\n\n<ol class=\"wp-block-list\">\n<li><strong>PARTIES DU CONTRAT<\/strong><\/li>\n<\/ol>\n\n\n\n<p>Ce Contrat de Vente \u00e0 Distance est conclu entre PHARUS-TECH (\u00ab Nous \u00bb) et le client (\u00ab Acheteur \u00bb, \u00ab Client \u00bb, \u00ab Membre \u00bb, \u00ab Vous \u00bb) connect\u00e9 au site Web et\/ou client Membre au moment de l&rsquo;approbation par le Membre dans l&rsquo;environnement \u00e9lectronique concernant l&rsquo;utilisation du site Web. Le Membre accepte et d\u00e9clare qu&rsquo;il\/elle a d\u00e9j\u00e0 lu enti\u00e8rement le Contrat de Membre et le Contrat de Vente \u00e0 Distance, comprend compl\u00e8tement le contenu du Contrat et approuve toutes les dispositions du m\u00eame par connexion au site Web et\/ou en devenant Membre.<\/p>\n\n\n\n<p>Pour effectuer des achats sur le site, vous devrez fournir vos informations personnelles. En particulier, vous devez fournir votre vrai nom, num\u00e9ro de t\u00e9l\u00e9phone, adresse e-mail et autres informations demand\u00e9es comme indiqu\u00e9. En outre, vous devrez fournir les d\u00e9tails de paiement que vous d\u00e9clarez et garantissez \u00eatre valides et corrects et vous confirmez que vous \u00eates la personne mentionn\u00e9e dans les informations de facturation fournies. Les produits achet\u00e9s par l&rsquo;Acheteur sont pour un usage personnel ou pour cadeau et ne doivent pas \u00eatre revendus, utilis\u00e9s \u00e0 des fins commerciales ou tout autre avantage commercial.<\/p>\n\n\n\n<p>2. <strong>OBJET DU CONTRAT<\/strong><\/p>\n\n\n\n<p>L&rsquo;objet de ce Contrat est de d\u00e9terminer les droits et obligations mutuels des Parties conform\u00e9ment aux dispositions de la Loi 6502 sur la Protection des Consommateurs et au R\u00e8glement sur les Contrats de Vente \u00e0 Distance<\/p>\n\n\n\n<p>ainsi que toutes les autres r\u00e9glementations et applications applicables li\u00e9es \u00e0 la vente\/achat et \u00e0 la livraison des produits avec les propri\u00e9t\u00e9s indiqu\u00e9es ci-dessous et le prix de vente command\u00e9 par l&rsquo;Acheteur via l&rsquo;environnement \u00e9lectronique via le site Web <a href=\"http:\/\/www.pharus-tech.com\/\">www.pharus-tech.com<\/a> (ci-apr\u00e8s \u00ab le Site Web \u00bb).<\/p>\n\n\n\n<p>3. <strong>PRODUITS OBJET DU CONTRAT<\/strong><\/p>\n\n\n\n<p><strong>3.1 Commandes:<\/strong>\u00a0Toutes les commandes sont soumises \u00e0 acceptation et disponibilit\u00e9. PHARUS-TECH propose des produits en vente disponibles pour exp\u00e9dition de notre c\u00f4t\u00e9. Cependant, nous pouvons parfois attendre des exp\u00e9ditions de nos fournisseurs.<\/p>\n\n\n\n<p><strong>3.2. Acceptation du Paiement:<\/strong>\u00a0Une fois que l&rsquo;Acheteur a fait son choix et que sa commande a \u00e9t\u00e9 pass\u00e9e, l&rsquo;Acheteur recevra un e-mail reconnaissant les d\u00e9tails de sa commande. Cet e-mail n&rsquo;est PAS une acceptation de votre commande, juste une confirmation que UIPRINT l&rsquo;a re\u00e7ue.<\/p>\n\n\n\n<p>Sauf si l&rsquo;Acheteur annule sa commande, l&rsquo;acceptation de sa commande et la conclusion du contrat entre l&rsquo;Acheteur et PHARUS-TECH seront compl\u00e9t\u00e9es lorsque PHARUS-TECH enverra un e-mail \u00e0 l&rsquo;Acheteur pour confirmer. Le contrat de vente est donc conclu \u00e0 Ankara, Turquie et la langue du contrat est l&rsquo;anglais et\/ou le turc. Ni notre processeur de paiement tiers ni notre transporteur d\u00e9sign\u00e9 n&rsquo;ont l&rsquo;autorit\u00e9 pour accepter une commande au nom de PHARUS-TECH.<\/p>\n\n\n\n<p>PHARUS-TECH se r\u00e9serve le droit de ne pas accepter votre commande dans l&rsquo;\u00e9ventualit\u00e9, par exemple, que nous ne soyons pas en mesure d&rsquo;obtenir une autorisation de paiement, que des restrictions d&rsquo;exp\u00e9dition s&rsquo;appliquent \u00e0 un article particulier, que l&rsquo;article command\u00e9 ne soit pas disponible, ou que l&rsquo;Acheteur ne r\u00e9ponde pas aux crit\u00e8res d&rsquo;\u00e9ligibilit\u00e9 \u00e9nonc\u00e9s dans cet Accord.<\/p>\n\n\n\n<p>Bien que tous les efforts soient faits pour s&rsquo;assurer que les d\u00e9tails sur notre site Web soient pr\u00e9cis, nous pouvons de temps en temps d\u00e9couvrir une erreur dans le prix des produits. Si nous d\u00e9couvrons une erreur dans le prix d&rsquo;un produit dans votre commande, nous vous le ferons savoir d\u00e8s que possible. Nous ne serons en aucun cas oblig\u00e9s d&rsquo;accepter ou de remplir une commande pour un produit qui a \u00e9t\u00e9 annonc\u00e9 \u00e0 un prix incorrect et nous r\u00e9servons le droit d&rsquo;annuler une telle commande qui a \u00e9t\u00e9 accept\u00e9e ou est en transit. Si vous commandez un produit \u00e0 un prix incorrect pour une raison quelconque, nous vous informerons que nous n&rsquo;avons pas accept\u00e9 votre commande et\/ou que la partie concern\u00e9e de votre commande a \u00e9t\u00e9 annul\u00e9e. Si vous avez d\u00e9j\u00e0 pay\u00e9 pour les biens, nous rembourserons le montant total d\u00e8s que nous le pourrons.<\/p>\n\n\n\n<p><strong>3.3. Politique de Prix:\u00a0<\/strong>Les prix des produits sont fix\u00e9s lorsque les articles sont ajout\u00e9s \u00e0 la boutique en ligne. Les acheteurs achetant dans un pays desservi par Incoterms 2010 DDP devront payer les droits d&rsquo;importation et les taxes correspondants. Ces co\u00fbts sont inclus dans le prix d&rsquo;achat final. Les acheteurs achetant dans un pays desservi par Incoterms 2010 DDU seront factur\u00e9s uniquement pour les articles achet\u00e9s et les frais d&rsquo;exp\u00e9dition. Les co\u00fbts de droits d&rsquo;importation ou de taxe seront factur\u00e9s directement \u00e0 vous par UPS ou Standart Shipping Service.<\/p>\n\n\n\n<p><strong>3.4. Type de Paiement:\u00a0<\/strong>PHARUS-TECH accepte Visa et MasterCard. L&rsquo;Acheteur confirme que la carte de cr\u00e9dit\/d\u00e9bit utilis\u00e9e lui appartient ou que l&rsquo;Acheteur a \u00e9t\u00e9 sp\u00e9cifiquement autoris\u00e9 par le propri\u00e9taire de la carte de cr\u00e9dit\/d\u00e9bit \u00e0 l&rsquo;utiliser. Tous les d\u00e9tenteurs de carte de cr\u00e9dit\/d\u00e9bit sont soumis \u00e0 des contr\u00f4les de validation et \u00e0 l&rsquo;autorisation par l&rsquo;\u00e9metteur de la carte. Si l&rsquo;\u00e9metteur de votre carte de paiement refuse d&rsquo;autoriser le paiement \u00e0 PHARUS-TECH, PHARUS-TECH ne sera pas responsable de tout retard ou non-livraison. Pour garantir que votre exp\u00e9rience d&rsquo;achat soit s\u00fbre, simple et s\u00e9curis\u00e9e, PHARUS-TECH utilise la technologie Secure Socket Layer (SSL). De plus, nous prenons soin, dans la mesure du possible, de garder les d\u00e9tails de votre commande et de votre paiement s\u00e9curis\u00e9s, mais en l&rsquo;absence de n\u00e9gligence de notre part, nous ne pouvons \u00eatre tenus responsables de toute perte que vous pourriez subir si un tiers obtient un acc\u00e8s non autoris\u00e9 \u00e0 toute donn\u00e9e que vous fournissez lors de l&rsquo;acc\u00e8s ou de la commande sur le Site.<\/p>\n\n\n\n<p><strong>3.5. Assurance et Livraison<\/strong>: Le type, la quantit\u00e9, le mod\u00e8le, la couleur, le prix de vente et les informations de livraison du Produit sont tels que fournis par le client sur le site Web. Le(s) Produit(s) seront livr\u00e9s par e-mail \u00e0 l&rsquo;utilisateur.<\/p>\n\n\n\n<p>4. <strong>CONDITIONS G\u00c9N\u00c9RALES<\/strong><\/p>\n\n\n\n<p><strong>4.1.<\/strong>\u00a0L&rsquo;Acheteur d\u00e9clare par la pr\u00e9sente qu&rsquo;il\/elle a appris les informations sur les propri\u00e9t\u00e9s de base, le prix de vente du\/des Produit(s), le type de paiement et les autres informations pr\u00e9liminaires, y compris les informations de livraison, depuis le site Web, et qu&rsquo;il\/elle a accept\u00e9 et confirm\u00e9 ces informations via l&rsquo;environnement \u00e9lectronique.<\/p>\n\n\n\n<p><strong>4.2.<\/strong>\u00a0L&rsquo;Acheteur sera \u00e9galement consid\u00e9r\u00e9 comme ayant accept\u00e9 qu&rsquo;il\/elle a obtenu les informations sur les propri\u00e9t\u00e9s de base, le prix du Produit dans une ou toutes les devises affich\u00e9es sur le Site Web, le type de paiement et les informations de livraison de mani\u00e8re compl\u00e8te et enti\u00e8re avec son accord sur les informations pr\u00e9liminaires via l&rsquo;environnement \u00e9lectronique avant l&rsquo;ex\u00e9cution du Contrat de Vente \u00e0 Distance.<\/p>\n\n\n\n<p><strong>4.3.<\/strong>\u00a0Les Produits objet du Contrat seront livr\u00e9s \u00e0 l&rsquo;Acheteur ou \u00e0 l&rsquo;adresse fournie par l&rsquo;Acheteur ou \u00e0 la personne\/entit\u00e9 d\u00e9sign\u00e9e par l&rsquo;Acheteur dans le d\u00e9lai prescrit dans les informations pr\u00e9liminaires sur le Site Web.<\/p>\n\n\n\n<p><strong>4.4.<\/strong>\u00a0Il est n\u00e9cessaire de confirmer le formulaire d&rsquo;information pr\u00e9liminaire via l&rsquo;environnement \u00e9lectronique pour la livraison des Produits. PHARUS-TECH sera d\u00e9gag\u00e9 de ses obligations en vertu des pr\u00e9sentes en cas de non-paiement du prix des Produits.<\/p>\n\n\n\n<p><strong>4.5.<\/strong>\u00a0PHARUS-TECH informera de tout \u00e9chec de livraison dans le d\u00e9lai prescrit. Dans un tel cas, l&rsquo;Acheteur peut choisir d&rsquo;annuler la commande. En cas d&rsquo;annulation de la commande par l&rsquo;Acheteur, le prix des Produits sera retourn\u00e9 \u00e0 la banque dans les sept (7) jours \u00e0 compter de l&rsquo;annulation. \u00c9tant donn\u00e9 qu&rsquo;il y aura un processus bancaire li\u00e9 \u00e0 la transaction de retour, l&rsquo;Acheteur comprend et accepte que PHARUS-TECH ne pourra pas contr\u00f4ler les retards et en cons\u00e9quence ne pourra pas \u00eatre tenu responsable de la p\u00e9riode entre le retour du montant \u00e0 la carte de cr\u00e9dit et sa r\u00e9flexion dans le compte de la carte par la banque.<\/p>\n\n\n\n<p>Si l&rsquo;Acheteur utilise son droit d&rsquo;annulation, ou si le Produit objet du Contrat ne peut \u00eatre fourni pour une raison quelconque ou s&rsquo;il est d\u00e9cid\u00e9 par le Comit\u00e9 d&rsquo;Arbitrage des Consommateurs de retourner le paiement de la commande \u00e0 l&rsquo;Acheteur, la proc\u00e9dure de retour du montant \u00e0 la carte de cr\u00e9dit sera la suivante :<\/p>\n\n\n\n<p>En cas de retour des biens et services pay\u00e9s par carte de cr\u00e9dit, PHARUS-TECH ne pourra pas retourner le montant collect\u00e9 en esp\u00e8ces conform\u00e9ment \u00e0 son accord avec la banque. Le retour \u00e0 la carte de cr\u00e9dit sera effectu\u00e9 comme d\u00e9fini ci-dessus par la banque apr\u00e8s le retour du montant par PHARUS-TECH en un seul montant.<\/p>\n\n\n\n<p>5. <strong>D\u00c9FAUT ET CONS\u00c9QUENCES L\u00c9GALES<\/strong><\/p>\n\n\n\n<p>Si l&rsquo;Acheteur ne parvient pas \u00e0 effectuer un paiement li\u00e9 aux transactions effectu\u00e9es avec une carte de cr\u00e9dit, il\/elle paiera le montant des int\u00e9r\u00eats et sera responsable envers la banque conform\u00e9ment au contrat de carte de cr\u00e9dit conclu entre lui\/elle et la banque. Dans tous les cas, la Banque peut utiliser les recours l\u00e9gaux applicables ; demander le remboursement de tous les frais juridiques et honoraires d&rsquo;avocat \u00e0 l&rsquo;Acheteur, et l&rsquo;Acheteur accepte de payer toutes les pertes et dommages subis par PHARUS-TECH en raison de la performance retard\u00e9e de la dette par l&rsquo;Acheteur, dans tous les cas.<\/p>\n\n\n\n<p>6. <strong>PRODUITS POUR LESQUELS AUCUN DROIT DE R\u00c9TRACTATION N&rsquo;EST AUTORIS\u00c9<\/strong><\/p>\n\n\n\n<p>Il n&rsquo;est pas autoris\u00e9 de retourner les produits qui ne peuvent \u00eatre retourn\u00e9s conform\u00e9ment \u00e0 leurs propri\u00e9t\u00e9s, produits \u00e0 usage unique, logiciels et programmes reproductibles, documents duplicables et biens ou produits p\u00e9rissables.<\/p>\n\n\n\n<p>7. <strong>R\u00c8GLEMENT DES DIFF\u00c9RENDS ET JURIDICTION COMP\u00c9TENTE<\/strong><\/p>\n\n\n\n<p>Les Comit\u00e9s d&rsquo;Arbitrage des Consommateurs et les Tribunaux des Consommateurs situ\u00e9s au domicile de l&rsquo;Acheteur et au lieu d&rsquo;achat des Produits r\u00e9gleront tout diff\u00e9rend entre les Parties li\u00e9 au Contrat jusqu&rsquo;\u00e0 la valeur d\u00e9clar\u00e9e par le Minist\u00e8re des Douanes et du Commerce (TR).<\/p>\n","protected":false},"excerpt":{"rendered":"<p>Contrat de Vente \u00e0 Distance Ce Contrat de Vente \u00e0 Distance est conclu entre PHARUS-TECH (\u00ab Nous \u00bb) et le client (\u00ab Acheteur \u00bb, \u00ab Client \u00bb, \u00ab Membre \u00bb,<a href=\"https:\/\/pharus-tech.com\/fr\/distance-selling-agreement\/\" class=\"exp-read-more exp-read-more-dots\">&#8230;<\/a><\/p>\n","protected":false},"author":1,"featured_media":0,"parent":0,"menu_order":0,"comment_status":"closed","ping_status":"open","template":"","meta":{"footnotes":""},"class_list":["post-7399","page","type-page","status-publish","hentry"],"_links":{"self":[{"href":"https:\/\/pharus-tech.com\/fr\/wp-json\/wp\/v2\/pages\/7399","targetHints":{"allow":["GET"]}}],"collection":[{"href":"https:\/\/pharus-tech.com\/fr\/wp-json\/wp\/v2\/pages"}],"about":[{"href":"https:\/\/pharus-tech.com\/fr\/wp-json\/wp\/v2\/types\/page"}],"author":[{"embeddable":true,"href":"https:\/\/pharus-tech.com\/fr\/wp-json\/wp\/v2\/users\/1"}],"replies":[{"embeddable":true,"href":"https:\/\/pharus-tech.com\/fr\/wp-json\/wp\/v2\/comments?post=7399"}],"version-history":[{"count":1,"href":"https:\/\/pharus-tech.com\/fr\/wp-json\/wp\/v2\/pages\/7399\/revisions"}],"predecessor-version":[{"id":7401,"href":"https:\/\/pharus-tech.com\/fr\/wp-json\/wp\/v2\/pages\/7399\/revisions\/7401"}],"wp:attachment":[{"href":"https:\/\/pharus-tech.com\/fr\/wp-json\/wp\/v2\/media?parent=7399"}],"curies":[{"name":"wp","href":"https:\/\/api.w.org\/{rel}","templated":true}]}}