{"id":7402,"date":"2021-12-02T18:21:40","date_gmt":"2021-12-02T18:21:40","guid":{"rendered":"https:\/\/pharus-tech.com\/privacy-policy\/"},"modified":"2024-01-30T23:24:21","modified_gmt":"2024-01-30T20:24:21","slug":"privacy-policy","status":"publish","type":"page","link":"https:\/\/pharus-tech.com\/fr\/privacy-policy\/","title":{"rendered":"Politique de Confidentialit\u00e9"},"content":{"rendered":"\n<h2 class=\"wp-block-heading\">Interpr\u00e9tation<\/h2>\n\n\n\n<p>Les mots dont la premi\u00e8re lettre est en majuscule ont des significations d\u00e9finies dans les conditions suivantes. Les d\u00e9finitions suivantes auront la m\u00eame signification qu&rsquo;elles apparaissent au singulier ou au pluriel.<\/p>\n\n\n\n<h2 class=\"wp-block-heading\">D\u00e9finitions<\/h2>\n\n\n\n<p>Aux fins de cette Politique de Confidentialit\u00e9 :<\/p>\n\n\n\n<p>Compte signifie un compte unique cr\u00e9\u00e9 pour Vous permettre d&rsquo;acc\u00e9der \u00e0 notre Service ou \u00e0 des parties de notre Service.<\/p>\n\n\n\n<p>Entreprise (d\u00e9sign\u00e9e comme \u00ab\u00a0l&rsquo;Entreprise\u00a0\u00bb, \u00ab\u00a0Nous\u00a0\u00bb, \u00ab\u00a0Notre\u00a0\u00bb dans cet Accord) se r\u00e9f\u00e8re \u00e0 Pharus-Tech, Remzi O\u011fuz Ar\u0131k Mahallesi, Tunus Caddesi, No: 69-B, \u00c7ankaya, Ankara, T\u00fcrkiye, Kavakl\u0131dere.<\/p>\n\n\n\n<p>Cookies sont de petits fichiers qui sont plac\u00e9s sur Votre ordinateur, appareil mobile ou tout autre appareil par un site web, contenant les d\u00e9tails de Votre historique de navigation sur ce site web parmi ses nombreuses utilisations.<\/p>\n\n\n\n<p>Pays fait r\u00e9f\u00e9rence \u00e0 : Turquie<\/p>\n\n\n\n<p>Appareil signifie tout appareil pouvant acc\u00e9der au Service tel qu&rsquo;un ordinateur, un t\u00e9l\u00e9phone portable ou une tablette num\u00e9rique.<\/p>\n\n\n\n<p>Donn\u00e9es Personnelles est toute information relative \u00e0 une personne identifi\u00e9e ou identifiable.<\/p>\n\n\n\n<p>Service fait r\u00e9f\u00e9rence au Site Web.<\/p>\n\n\n\n<p>Fournisseur de Service d\u00e9signe toute personne physique ou morale qui traite les donn\u00e9es pour le compte de l&rsquo;Entreprise. Il fait r\u00e9f\u00e9rence \u00e0 des entreprises tierces ou \u00e0 des individus employ\u00e9s par l&rsquo;Entreprise pour faciliter le Service, pour fournir le Service pour le compte de l&rsquo;Entreprise, pour ex\u00e9cuter des services li\u00e9s au Service ou pour aider l&rsquo;Entreprise \u00e0 analyser comment le Service est utilis\u00e9.<\/p>\n\n\n\n<p>Donn\u00e9es d&rsquo;Utilisation d\u00e9signe les donn\u00e9es collect\u00e9es automatiquement, g\u00e9n\u00e9r\u00e9es par l&rsquo;utilisation du Service ou provenant de l&rsquo;infrastructure du Service elle-m\u00eame (par exemple, la dur\u00e9e d&rsquo;une visite de page).<\/p>\n\n\n\n<p>Site Web fait r\u00e9f\u00e9rence \u00e0 Pharus-Tech, accessible depuis <a href=\"http:\/\/www.pharus-tech.com\/fr\/\">www.pharus-tech.com<\/a><\/p>\n\n\n\n<p>Vous d\u00e9signe l&rsquo;individu acc\u00e9dant ou utilisant le Service, ou l&rsquo;entreprise, ou toute autre entit\u00e9 juridique au nom de laquelle un tel individu acc\u00e8de ou utilise le Service, selon le cas.<\/p>\n\n\n\n<p>Collecte et Utilisation de Vos Donn\u00e9es Personnelles<\/p>\n\n\n\n<h2 class=\"wp-block-heading\">Types de Donn\u00e9es Collect\u00e9es<\/h2>\n\n\n\n<h3 class=\"wp-block-heading\">Donn\u00e9es Personnelles<\/h3>\n\n\n\n<p>Lors de l&rsquo;utilisation de Notre Service, Nous pouvons Vous demander de Nous fournir certaines informations personnelles identifiables qui peuvent \u00eatre utilis\u00e9es pour Vous contacter ou Vous identifier. Les informations personnelles identifiables peuvent inclure, mais ne sont pas limit\u00e9es \u00e0 :<\/p>\n\n\n\n<p>Adresse e-mail<\/p>\n\n\n\n<p>Pr\u00e9nom et nom<\/p>\n\n\n\n<p>Num\u00e9ro de t\u00e9l\u00e9phone<\/p>\n\n\n\n<p>Adresse, \u00c9tat, Province, Code Postal, Ville<\/p>\n\n\n\n<h3 class=\"wp-block-heading\">Donn\u00e9es d&rsquo;Utilisation<\/h3>\n\n\n\n<p>Les Donn\u00e9es d&rsquo;Utilisation sont collect\u00e9es automatiquement lors de l&rsquo;utilisation du Service.<\/p>\n\n\n\n<p>Les Donn\u00e9es d&rsquo;Utilisation peuvent inclure des informations telles que l&rsquo;adresse de protocole Internet de Votre Appareil (par exemple, l&rsquo;adresse IP), le type de navigateur, la version du navigateur, les pages de notre Service que Vous visitez, la date et l&rsquo;heure de Votre visite, le temps pass\u00e9 sur ces pages, les identifiants uniques de l&rsquo;appareil et d&rsquo;autres donn\u00e9es de diagnostic.<\/p>\n\n\n\n<p>Lorsque Vous acc\u00e9dez au Service par ou via un appareil mobile, Nous pouvons collecter automatiquement certaines informations, y compris, mais sans s&rsquo;y limiter, le type d&rsquo;appareil mobile que Vous utilisez, l&rsquo;ID unique de Votre appareil mobile, l&rsquo;adresse IP de Votre appareil mobile, Votre syst\u00e8me d&rsquo;exploitation mobile, le type de navigateur Internet mobile que Vous utilisez, les identifiants uniques de l&rsquo;appareil et d&rsquo;autres donn\u00e9es de diagnostic.<\/p>\n\n\n\n<p>Nous pouvons \u00e9galement collecter des informations que Votre navigateur envoie chaque fois que Vous visitez notre Service ou lorsque Vous acc\u00e9dez au Service par ou via un appareil mobile.<\/p>\n\n\n\n<h3 class=\"wp-block-heading\">Technologies de Suivi et Cookies<\/h3>\n\n\n\n<p>Nous utilisons des Cookies et des technologies de suivi similaires pour suivre l&rsquo;activit\u00e9 sur Notre Service et stocker certaines informations. Les technologies de suivi utilis\u00e9es sont des balises, des \u00e9tiquettes et des scripts pour collecter et suivre les informations et pour am\u00e9liorer et analyser Notre Service. Les technologies que Nous utilisons peuvent inclure :<\/p>\n\n\n\n<ul class=\"wp-block-list\">\n<li><strong>Cookies ou Cookies de Navigateur.<\/strong> Un cookie est un petit fichier plac\u00e9 sur Votre Appareil. Vous pouvez configurer Votre navigateur pour refuser tous les Cookies ou pour indiquer quand un Cookie est envoy\u00e9. Cependant, si Vous n&rsquo;acceptez pas les Cookies, Vous ne pourrez peut-\u00eatre pas utiliser certaines parties de notre Service. Sauf si vous avez ajust\u00e9 Votre param\u00e8tre de navigateur pour qu&rsquo;il refuse les Cookies, notre Service peut utiliser des Cookies.<\/li>\n\n\n\n<li><strong>Cookies Flash<\/strong>. Certaines fonctionnalit\u00e9s de notre Service peuvent utiliser des objets stock\u00e9s localement (ou Cookies Flash) pour collecter et stocker des informations sur Vos pr\u00e9f\u00e9rences ou Votre activit\u00e9 sur notre Service. Les Cookies Flash ne sont pas g\u00e9r\u00e9s par les m\u00eames param\u00e8tres de navigateur que ceux utilis\u00e9s pour les Cookies de Navigateur. Pour plus d&rsquo;informations sur la fa\u00e7on dont Vous pouvez supprimer les Cookies Flash, veuillez lire \u00ab\u00a0O\u00f9 puis-je changer les param\u00e8tres pour d\u00e9sactiver ou supprimer les objets partag\u00e9s locaux?\u00a0\u00bb disponible \u00e0 <a href=\"https:\/\/helpx.adobe.com\/flash-player\/kb\/disable-local-shared-objects-flash.html#main_Where_can_I_change_the_settings_for_disabling__or_deleting_local_shared_objects\">https:\/\/helpx.adobe.com\/flash-player\/kb\/disable-local-shared-objects-flash.html#main_Where_can_I_change_the_settings_for_disabling__or_deleting_local_shared_objects<\/a>_<\/li>\n\n\n\n<li><strong>Balises Web<\/strong>. Certaines sections de notre Service et nos e-mails peuvent contenir de petits fichiers \u00e9lectroniques connus sous le nom de balises web (\u00e9galement appel\u00e9s gifs transparents, balises de pixels et gifs \u00e0 pixel unique) qui permettent \u00e0 l&rsquo;Entreprise, par exemple, de compter les utilisateurs qui ont visit\u00e9 ces pages ou ouvert un e-mail et pour d&rsquo;autres statistiques de site web connexes (par exemple, l&rsquo;enregistrement de la popularit\u00e9 d&rsquo;une certaine section et la v\u00e9rification de l&rsquo;int\u00e9grit\u00e9 du syst\u00e8me et du serveur).<\/li>\n<\/ul>\n\n\n\n<p>Nous utilisons \u00e0 la fois des Cookies de Session et des Cookies Persistants aux fins \u00e9nonc\u00e9es ci-dessous:<\/p>\n\n\n\n<p><strong>Cookies N\u00e9cessaires \/ Essentiels<\/strong><\/p>\n\n\n\n<p>Type : Cookies de Session<\/p>\n\n\n\n<p>Administr\u00e9s par : Nous<\/p>\n\n\n\n<p>Objectif : Ces Cookies sont essentiels pour Vous fournir les services disponibles via le Site Web et pour Vous permettre d&rsquo;utiliser certaines de ses fonctionnalit\u00e9s. Ils aident \u00e0 authentifier les utilisateurs et \u00e0 pr\u00e9venir l&rsquo;utilisation frauduleuse des comptes d&rsquo;utilisateurs. Sans ces Cookies, les services que Vous avez demand\u00e9s ne peuvent pas \u00eatre fournis, et Nous n&rsquo;utilisons ces Cookies que pour Vous fournir ces services.<\/p>\n\n\n\n<p><strong>Cookies de Politique \/ Acceptation de l&rsquo;Avis sur les Cookies<\/strong><\/p>\n\n\n\n<p>Type : Cookies Persistants<\/p>\n\n\n\n<p>Administr\u00e9s par : Nous<\/p>\n\n\n\n<p>Objectif : Ces Cookies identifient si les utilisateurs ont accept\u00e9 l&rsquo;utilisation de cookies sur le Site Web.<\/p>\n\n\n\n<p><strong>Cookies de Fonctionnalit\u00e9<\/strong><\/p>\n\n\n\n<p>Type : Cookies Persistants<\/p>\n\n\n\n<p>Administr\u00e9s par : Nous<\/p>\n\n\n\n<p>Objectif : Ces Cookies nous permettent de nous souvenir des choix que Vous faites lorsque Vous utilisez le Site Web, comme se souvenir de vos d\u00e9tails de connexion ou de Votre pr\u00e9f\u00e9rence linguistique. L&rsquo;objectif de ces Cookies est de Vous fournir une exp\u00e9rience plus personnelle et d&rsquo;\u00e9viter de devoir ressaisir vos pr\u00e9f\u00e9rences chaque fois que Vous utilisez le Site Web.<\/p>\n\n\n\n<p>Pour plus d&rsquo;informations sur les cookies que nous utilisons et vos choix concernant les cookies, veuillez visiter notre Politique de Cookies ou la section Cookies de notre Politique de Confidentialit\u00e9.<\/p>\n\n\n\n<h2 class=\"wp-block-heading\">Utilisation de Vos Donn\u00e9es Personnelles<\/h2>\n\n\n\n<p>L&rsquo;Entreprise peut utiliser les Donn\u00e9es Personnelles aux fins suivantes :<\/p>\n\n\n\n<p>Pour fournir et maintenir notre Service, y compris pour surveiller l&rsquo;utilisation de notre Service.<\/p>\n\n\n\n<p><strong>Pour g\u00e9rer Votre Compte<\/strong>: pour g\u00e9rer Votre inscription en tant qu&rsquo;utilisateur du Service. Les Donn\u00e9es Personnelles que Vous fournissez peuvent Vous donner acc\u00e8s \u00e0 diff\u00e9rentes fonctionnalit\u00e9s du Service qui sont disponibles pour Vous en tant qu&rsquo;utilisateur enregistr\u00e9.<\/p>\n\n\n\n<p><strong>Pour la performance d&rsquo;un contrat<\/strong>: le d\u00e9veloppement, la conformit\u00e9 et l&rsquo;entreprise du contrat d&rsquo;achat pour les produits, articles ou services que Vous avez achet\u00e9s ou de tout autre contrat avec Nous via le Service.<\/p>\n\n\n\n<p><strong>Pour Vous contacter<\/strong>: Pour Vous contacter par e-mail, appels t\u00e9l\u00e9phoniques, SMS ou autres formes \u00e9quivalentes de communication \u00e9lectronique, telles que les notifications push d&rsquo;une application mobile concernant les mises \u00e0 jour ou les communications informatives li\u00e9es aux fonctionnalit\u00e9s, produits ou services contract\u00e9s, y compris les mises \u00e0 jour de s\u00e9curit\u00e9, lorsque cela est n\u00e9cessaire ou raisonnable pour leur mise en \u0153uvre.<\/p>\n\n\n\n<p><strong>Pour Vous fournir des nouvelles<\/strong>, des offres sp\u00e9ciales et des informations g\u00e9n\u00e9rales sur d&rsquo;autres biens, services et \u00e9v\u00e9nements que nous offrons qui sont similaires \u00e0 ceux que vous avez d\u00e9j\u00e0 achet\u00e9s ou demand\u00e9s, sauf si Vous avez choisi de ne pas recevoir de telles informations.<\/p>\n\n\n\n<p><strong>Pour g\u00e9rer Vos demandes<\/strong>: Pour assister et g\u00e9rer Vos demandes \u00e0 Nous.<\/p>\n\n\n\n<p><strong>Pour les transferts d&rsquo;entreprise<\/strong>: Nous pouvons utiliser Vos informations pour \u00e9valuer ou mener une fusion, une cession, une restructuration, une r\u00e9organisation, une dissolution ou toute autre vente ou transfert de tout ou partie de Nos actifs, que ce soit en tant qu&rsquo;entreprise en activit\u00e9 ou dans le cadre d&rsquo;une faillite, liquidation ou proc\u00e9dure similaire, dans laquelle les Donn\u00e9es Personnelles d\u00e9tenues par Nous sur nos utilisateurs de Service font partie des actifs transf\u00e9r\u00e9s.<\/p>\n\n\n\n<p><strong>Pour d&rsquo;autres objectifs<\/strong>: Nous pouvons utiliser Vos informations \u00e0 d&rsquo;autres fins, telles que l&rsquo;analyse de donn\u00e9es, l&rsquo;identification des tendances d&rsquo;utilisation, la d\u00e9termination de l&rsquo;efficacit\u00e9 de nos campagnes promotionnelles et pour \u00e9valuer et am\u00e9liorer notre Service, produits, services, marketing et votre exp\u00e9rience.<\/p>\n\n\n\n<p>Nous pouvons partager Vos informations personnelles dans les situations suivantes :<\/p>\n\n\n\n<ul class=\"wp-block-list\">\n<li><strong>Avec les Fournisseurs de Service<\/strong>: Nous pouvons partager Vos informations personnelles avec les Fournisseurs de Service pour surveiller et analyser l&rsquo;utilisation de notre Service, pour Vous contacter.<\/li>\n\n\n\n<li><strong>Pour les transferts d&rsquo;entreprise<\/strong>: Nous pouvons partager ou transf\u00e9rer Vos informations personnelles dans le cadre ou pendant les n\u00e9gociations de toute fusion, vente d&rsquo;actifs de l&rsquo;Entreprise, financement ou acquisition de tout ou partie de Notre entreprise par une autre entreprise.<\/li>\n\n\n\n<li><strong>Avec les Affili\u00e9s<\/strong>: Nous pouvons partager Vos informations avec Nos affili\u00e9s, auquel cas nous exigerons de ces affili\u00e9s qu&rsquo;ils respectent cette Politique de Confidentialit\u00e9. Les affili\u00e9s comprennent Notre soci\u00e9t\u00e9 m\u00e8re et toutes les autres filiales, partenaires de coentreprise ou autres entreprises que Nous contr\u00f4lons ou qui sont sous contr\u00f4le commun avec Nous.<\/li>\n\n\n\n<li><strong>Avec des partenaires commerciaux<\/strong>: Nous pouvons partager Vos informations avec Nos partenaires commerciaux pour Vous offrir certains produits, services ou promotions.<\/li>\n\n\n\n<li><strong>Avec d&rsquo;autres utilisateurs<\/strong>: lorsque Vous partagez des informations personnelles ou interagissez autrement dans les zones publiques avec d&rsquo;autres utilisateurs, ces informations peuvent \u00eatre vues par tous les utilisateurs et peuvent \u00eatre distribu\u00e9es publiquement \u00e0 l&rsquo;ext\u00e9rieur.<\/li>\n\n\n\n<li><strong>Avec Votre consentement<\/strong>: Nous pouvons divulguer Vos informations personnelles \u00e0 toute autre fin avec Votre consentement.<\/li>\n<\/ul>\n\n\n\n<h2 class=\"wp-block-heading\">Conservation de Vos Donn\u00e9es Personnelles<\/h2>\n\n\n\n<p>L&rsquo;Entreprise conservera Vos Donn\u00e9es Personnelles uniquement aussi longtemps que n\u00e9cessaire aux fins \u00e9nonc\u00e9es dans cette Politique de Confidentialit\u00e9. Nous conserverons et utiliserons Vos Donn\u00e9es Personnelles dans la mesure n\u00e9cessaire pour nous conformer \u00e0 nos obligations l\u00e9gales (par exemple, si nous sommes tenus de conserver vos donn\u00e9es pour nous conformer aux lois applicables), r\u00e9soudre les litiges et faire respecter nos accords et politiques juridiques.<\/p>\n\n\n\n<p>L&rsquo;Entreprise conservera \u00e9galement les Donn\u00e9es d&rsquo;Utilisation \u00e0 des fins d&rsquo;analyse interne. Les Donn\u00e9es d&rsquo;Utilisation sont g\u00e9n\u00e9ralement conserv\u00e9es pendant une p\u00e9riode de temps plus courte, sauf lorsque ces donn\u00e9es sont utilis\u00e9es pour renforcer la s\u00e9curit\u00e9 ou am\u00e9liorer la fonctionnalit\u00e9 de Notre Service, ou Nous sommes l\u00e9galement oblig\u00e9s de conserver ces donn\u00e9es pour des p\u00e9riodes de temps plus longues.<\/p>\n\n\n\n<h2 class=\"wp-block-heading\">Transfert de Vos Donn\u00e9es Personnelles<\/h2>\n\n\n\n<p>Vos informations, y compris les Donn\u00e9es Personnelles, sont trait\u00e9es dans les bureaux d&rsquo;exploitation de l&rsquo;Entreprise et dans tout autre lieu o\u00f9 les parties impliqu\u00e9es dans le traitement sont situ\u00e9es. Cela signifie que ces informations peuvent \u00eatre transf\u00e9r\u00e9es \u00e0 \u2014 et maintenues sur \u2014 des ordinateurs situ\u00e9s en dehors de Votre \u00c9tat, province, pays ou autre juridiction gouvernementale o\u00f9 les lois sur la protection des donn\u00e9es peuvent diff\u00e9rer de celles de Votre juridiction.<\/p>\n\n\n\n<p>Votre consentement \u00e0 cette Politique de Confidentialit\u00e9 suivi de la soumission de ces informations repr\u00e9sente Votre accord \u00e0 ce transfert.<\/p>\n\n\n\n<p>L&rsquo;Entreprise prendra toutes les mesures raisonnablement n\u00e9cessaires pour garantir que Vos donn\u00e9es soient trait\u00e9es de mani\u00e8re s\u00e9curis\u00e9e et conform\u00e9ment \u00e0 cette Politique de Confidentialit\u00e9 et aucun transfert de Vos Donn\u00e9es Personnelles n&rsquo;aura lieu vers une organisation ou un pays \u00e0 moins qu&rsquo;il n&rsquo;y ait des contr\u00f4les ad\u00e9quats en place, y compris la s\u00e9curit\u00e9 de Vos donn\u00e9es et autres informations personnelles.<\/p>\n\n\n\n<h2 class=\"wp-block-heading\">Divulgation de Vos Donn\u00e9es Personnelles<\/h2>\n\n\n\n<h3 class=\"wp-block-heading\">Transactions Commerciales<\/h3>\n\n\n\n<p>Si l&rsquo;Entreprise est impliqu\u00e9e dans une fusion, une acquisition ou une vente d&rsquo;actifs, Vos Donn\u00e9es Personnelles peuvent \u00eatre transf\u00e9r\u00e9es. Nous vous informerons avant que Vos Donn\u00e9es Personnelles soient transf\u00e9r\u00e9es et deviennent soumises \u00e0 une Politique de Confidentialit\u00e9 diff\u00e9rente.<\/p>\n\n\n\n<h3 class=\"wp-block-heading\">Application de la loi<\/h3>\n\n\n\n<p>Dans certaines circonstances, l&rsquo;Entreprise peut \u00eatre tenue de divulguer Vos Donn\u00e9es Personnelles si n\u00e9cessaire pour le faire par la loi ou en r\u00e9ponse \u00e0 des demandes valides des autorit\u00e9s publiques (par exemple, un tribunal ou une agence gouvernementale).<\/p>\n\n\n\n<h3 class=\"wp-block-heading\">Autres exigences l\u00e9gales<\/h3>\n\n\n\n<p>L&rsquo;Entreprise peut divulguer Vos Donn\u00e9es Personnelles dans la croyance de bonne foi que cette action est n\u00e9cessaire pour :<\/p>\n\n\n\n<ul class=\"wp-block-list\">\n<li>Se conformer \u00e0 une obligation l\u00e9gale<\/li>\n\n\n\n<li>Prot\u00e9ger et d\u00e9fendre les droits ou la propri\u00e9t\u00e9 de l&rsquo;Entreprise<\/li>\n\n\n\n<li>Pr\u00e9venir ou enqu\u00eater sur un \u00e9ventuel m\u00e9fait en relation avec le Service<\/li>\n\n\n\n<li>Prot\u00e9ger la s\u00e9curit\u00e9 personnelle des Utilisateurs du Service ou du public<\/li>\n\n\n\n<li>Se prot\u00e9ger contre la responsabilit\u00e9 l\u00e9gale<\/li>\n<\/ul>\n\n\n\n<h2 class=\"wp-block-heading\">S\u00e9curit\u00e9 de Vos Donn\u00e9es Personnelles<\/h2>\n\n\n\n<p>La s\u00e9curit\u00e9 de Vos Donn\u00e9es Personnelles est importante pour Nous, mais rappelez-vous qu&rsquo;aucune m\u00e9thode de transmission sur Internet, ou m\u00e9thode de stockage \u00e9lectronique n&rsquo;est 100% s\u00e9curis\u00e9e. Bien que Nous nous efforcions d&rsquo;utiliser des moyens commercialement acceptables pour prot\u00e9ger Vos Donn\u00e9es Personnelles, Nous ne pouvons garantir leur s\u00e9curit\u00e9 absolue.<\/p>\n\n\n\n<p><strong>Vie Priv\u00e9e des Enfants<\/strong><\/p>\n\n\n\n<p>Notre Service ne s&rsquo;adresse pas \u00e0 quiconque \u00e2g\u00e9 de moins de 13 ans. Nous ne collectons pas sciemment des informations personnellement identifiables de quiconque \u00e2g\u00e9 de moins de 13 ans. Si Vous \u00eates un parent ou un tuteur et que Vous savez que Votre enfant nous a fourni des Donn\u00e9es Personnelles, veuillez Nous contacter. Si Nous prenons conscience que Nous avons collect\u00e9 des Donn\u00e9es Personnelles de quiconque de moins de 13 ans sans v\u00e9rification du consentement parental, Nous prenons des mesures pour supprimer ces informations de Nos serveurs.<\/p>\n\n\n\n<p>Si Nous devons nous fier au consentement comme base l\u00e9gale pour traiter Vos informations et Votre pays exige le consentement d&rsquo;un parent, Nous pouvons exiger le consentement de Votre parent avant de collecter et d&rsquo;utiliser ces informations.<\/p>\n\n\n\n<p><strong>Liens vers d&rsquo;Autres Sites Web<\/strong><\/p>\n\n\n\n<p>Notre Service peut contenir des liens vers d&rsquo;autres sites Web qui ne sont pas exploit\u00e9s par Nous. Si Vous cliquez sur un lien tiers, Vous serez dirig\u00e9 vers le site de ce tiers. Nous Vous conseillons vivement de lire la Politique de Confidentialit\u00e9 de chaque site que Vous visitez.<\/p>\n\n\n\n<p>Nous n&rsquo;avons aucun contr\u00f4le sur et n&rsquo;assumons aucune responsabilit\u00e9 pour le contenu, les politiques de confidentialit\u00e9 ou les pratiques de tout site tiers ou service.<\/p>\n\n\n\n<p><strong>Modifications de cette Politique de Confidentialit\u00e9<\/strong><\/p>\n\n\n\n<p>Nous pouvons mettre \u00e0 jour Notre Politique de Confidentialit\u00e9 de temps \u00e0 autre. Nous Vous informerons de tout changement en publiant la nouvelle Politique de Confidentialit\u00e9 sur cette page.<\/p>\n\n\n\n<p>Nous Vous informerons par e-mail et\/ou un avis bien visible sur Notre Service, avant que le changement ne devienne effectif et mettrons \u00e0 jour la date de \u00ab\u00a0Derni\u00e8re mise \u00e0 jour\u00a0\u00bb en haut de cette Politique de Confidentialit\u00e9.<\/p>\n\n\n\n<p>Vous \u00eates invit\u00e9 \u00e0 consulter p\u00e9riodiquement cette Politique de Confidentialit\u00e9 pour tout changement. Les modifications apport\u00e9es \u00e0 cette Politique de Confidentialit\u00e9 sont effectives lorsqu&rsquo;elles sont publi\u00e9es sur cette page.<\/p>\n\n\n\n<p><strong>Contact Us<\/strong><\/p>\n\n\n\n<p>Si Vous avez des questions sur cette Politique de Confidentialit\u00e9, Vous pouvez nous contacter :<\/p>\n\n\n\n<ul class=\"wp-block-list\">\n<li>Par e-mail: info@pharus-tech.com<\/li>\n<\/ul>\n","protected":false},"excerpt":{"rendered":"<p>Interpr\u00e9tation Les mots dont la premi\u00e8re lettre est en majuscule ont des significations d\u00e9finies dans les conditions suivantes. Les d\u00e9finitions suivantes auront la m\u00eame signification qu&rsquo;elles apparaissent au singulier ou<a href=\"https:\/\/pharus-tech.com\/fr\/privacy-policy\/\" class=\"exp-read-more exp-read-more-dots\">&#8230;<\/a><\/p>\n","protected":false},"author":1,"featured_media":0,"parent":0,"menu_order":0,"comment_status":"closed","ping_status":"open","template":"","meta":{"footnotes":""},"class_list":["post-7402","page","type-page","status-publish","hentry"],"_links":{"self":[{"href":"https:\/\/pharus-tech.com\/fr\/wp-json\/wp\/v2\/pages\/7402","targetHints":{"allow":["GET"]}}],"collection":[{"href":"https:\/\/pharus-tech.com\/fr\/wp-json\/wp\/v2\/pages"}],"about":[{"href":"https:\/\/pharus-tech.com\/fr\/wp-json\/wp\/v2\/types\/page"}],"author":[{"embeddable":true,"href":"https:\/\/pharus-tech.com\/fr\/wp-json\/wp\/v2\/users\/1"}],"replies":[{"embeddable":true,"href":"https:\/\/pharus-tech.com\/fr\/wp-json\/wp\/v2\/comments?post=7402"}],"version-history":[{"count":1,"href":"https:\/\/pharus-tech.com\/fr\/wp-json\/wp\/v2\/pages\/7402\/revisions"}],"predecessor-version":[{"id":7404,"href":"https:\/\/pharus-tech.com\/fr\/wp-json\/wp\/v2\/pages\/7402\/revisions\/7404"}],"wp:attachment":[{"href":"https:\/\/pharus-tech.com\/fr\/wp-json\/wp\/v2\/media?parent=7402"}],"curies":[{"name":"wp","href":"https:\/\/api.w.org\/{rel}","templated":true}]}}