{"id":7426,"date":"2022-05-15T10:14:12","date_gmt":"2022-05-15T10:14:12","guid":{"rendered":"https:\/\/pharus-tech.com\/distance-selling-agreement\/"},"modified":"2024-01-31T00:25:42","modified_gmt":"2024-01-30T21:25:42","slug":"distance-selling-agreement","status":"publish","type":"page","link":"https:\/\/pharus-tech.com\/it\/distance-selling-agreement\/","title":{"rendered":"Contratto di Vendita a Distanza"},"content":{"rendered":"\n<p><strong>Contratto di Vendita a Distanza<\/strong><\/p>\n\n\n\n<ol class=\"wp-block-list\">\n<li><strong>PARTI DEL CONTRATTO<\/strong><\/li>\n<\/ol>\n\n\n\n<p>Questo Contratto di Vendita a Distanza \u00e8 stipulato tra PHARUS-TECH (\u201cNoi\u201d \u201cIl Nostro\u201d) e il cliente (\u201cAcquirente\u201d \u201cCliente\u201d \u201cMembro\u201d \u201cVoi\u201d) che accede al Sito Web e\/o il cliente Membro al momento dell&#8217;approvazione da parte del Membro nell&#8217;ambiente elettronico riguardo all&#8217;utilizzo del Sito Web. Il Membro accetta e dichiara di aver letto completamente il Contratto di Associazione e il Contratto di Vendita a Distanza e di aver compreso il contenuto del Contratto e di approvare tutte le disposizioni dello stesso tramite l&#8217;accesso al Sito Web e\/o diventando un Membro.<\/p>\n\n\n\n<p>Per effettuare acquisti sul Sito sar\u00e0 necessario fornire i dettagli personali. In particolare, dovrai fornire il tuo vero nome, numero di telefono, indirizzo e-mail e altre informazioni richieste come indicato. Inoltre, sarai tenuto a fornire i dettagli di pagamento che dichiari e garantisci essere validi e corretti e confermi di essere la persona menzionata nelle informazioni di fatturazione fornite. I prodotti acquistati dall&#8217;Acquirente sono per uso personale o come regalo e non devono essere rivenduti, usati a scopi commerciali o per qualsiasi altro beneficio commerciale.<\/p>\n\n\n\n<p>2. <strong>OGGETTO DEL CONTRATTO<\/strong><\/p>\n\n\n\n<p>L&#8217;oggetto di questo Contratto \u00e8 determinare i diritti e gli obblighi reciproci delle Parti in base alle disposizioni della Legge 6502 sulla Protezione dei Consumatori e del Regolamento sui Contratti di Vendita a Distanza<\/p>\n\n\n\n<p>cos\u00ec come tutte le altre normative e applicazioni applicabili relative alla vendita\/acquisto e consegna del\/dei prodotto\/i con le propriet\u00e0 qui di seguito indicate e il prezzo di vendita ordinato dall&#8217;Acquirente tramite l&#8217;ambiente elettronico tramite il sito web <a href=\"http:\/\/www.pharus-tech.com\/\">www.pharus-tech.com<\/a> (d&#8217;ora in poi \u201cil Sito Web\u201d o il Sito\u201d).<\/p>\n\n\n\n<p>3. <strong>PRODOTTI OGGETTO DEL CONTRATTO<\/strong><\/p>\n\n\n\n<p><strong>3.1 Ordini:<\/strong> Tutti gli ordini sono soggetti ad accettazione e disponibilit\u00e0. PHARUS-TECH offre prodotti in vendita che sono disponibili per la spedizione da parte nostra. Occasionalmente, tuttavia, potremmo essere in attesa di spedizioni dai nostri fornitori.<\/p>\n\n\n\n<p><strong>3.2<\/strong>. <strong>Accettazione del Pagamento<\/strong>: Una volta che l&#8217;Acquirente ha fatto la sua scelta e il suo ordine \u00e8 stato effettuato, l&#8217;Acquirente ricever\u00e0 un&#8217;email che riconosce i dettagli del suo ordine. Questa email NON \u00e8 un&#8217;accettazione del tuo ordine, solo una conferma che UIPRINT lo ha ricevuto.<\/p>\n\n\n\n<p>A meno che l&#8217;Acquirente non annulli il suo ordine, l&#8217;accettazione del suo ordine e il completamento del contratto tra l&#8217;Acquirente e PHARUS-TECH saranno completati quando PHARUS-TECH invier\u00e0 un&#8217;email all&#8217;Acquirente per confermare. Il contratto di vendita \u00e8 quindi concluso ad Ankara, Turchia e la lingua del contratto \u00e8 l&#8217;inglese e\/o il turco. N\u00e9 il nostro processore di pagamento terzo n\u00e9 il nostro corriere nominato hanno l&#8217;autorit\u00e0 di accettare un ordine per conto di PHARUS-TECH.<\/p>\n\n\n\n<p>PHARUS-TECH si riserva il diritto di non accettare il suo ordine nel caso, ad esempio, che non siamo in grado di ottenere l&#8217;autorizzazione per il pagamento, che si applichino restrizioni di spedizione a un particolare articolo, che l&#8217;articolo ordinato non sia disponibile o che l&#8217;Acquirente non soddisfi i criteri di idoneit\u00e0 stabiliti all&#8217;interno di questo Accordo.<\/p>\n\n\n\n<p>Sebbene ogni sforzo sia fatto per assicurarsi che i dettagli sul nostro sito web siano accurati, potremmo di tanto in tanto scoprire un errore nel prezzo dei prodotti. Se scopriamo un errore nel prezzo di un prodotto nel tuo ordine, ti informeremo il prima possibile. Non siamo in alcun modo obbligati ad accettare o adempiere un ordine per un prodotto che \u00e8 stato pubblicizzato a un prezzo errato e ci riserviamo il diritto di annullare un tale ordine che \u00e8 stato accettato o \u00e8 in transito. Se ordini un prodotto che \u00e8 prezzato in modo errato per qualsiasi motivo, ti informeremo che non abbiamo accettato il tuo ordine e\/o che la parte rilevante del tuo ordine \u00e8 stata annullata. Se hai gi\u00e0 pagato per la merce, ti rimborseremo l&#8217;intero importo non appena saremo in grado.<\/p>\n\n\n\n<p><strong>3.3. Politica dei Prezzi:\u00a0<\/strong>I prezzi dei prodotti sono fissati quando gli articoli vengono aggiunti allo sho online. Gli acquirenti che acquistano da un paese servito come Incoterms 2010 DDP incorreranno in dazi di importazione e tasse pertinenti. Questi costi sono inclusi nel prezzo finale di acquisto. Gli acquirenti che acquistano da un paese servito come Incoterms 2010 DDU verranno addebitati solo per gli articoli acquistati e i costi di spedizione. I costi di dazio o tassa saranno fatturati direttamente a te da UPS o dal Servizio di Spedizione Standard.<\/p>\n\n\n\n<p><strong>3.4. Tipo di Pagamento:\u00a0<\/strong>PHARUS-TECH accetta Visa e MasterCard. L&#8217;Acquirente conferma che la carta di credito\/debito che sta utilizzando \u00e8 sua o che l&#8217;Acquirente \u00e8 stato specificamente autorizzato dal proprietario della carta di credito\/debito ad usarla. Tutti i titolari di carte di credito\/debito sono soggetti a controlli di validazione e autorizzazione da parte dell&#8217;emittente della carta. Se l&#8217;emittente della tua carta di pagamento si rifiuta di autorizzare il pagamento a PHARUS-TECH, PHARUS-TECH non sar\u00e0 responsabile per alcun ritardo o mancata consegna. Per aiutarti a garantire che la tua esperienza di acquisto sia sicura, semplice e sicura, PHARUS-TECH utilizza la tecnologia Secure Socket Layer (SSL). Inoltre, prendiamo ragionevole cura, per quanto \u00e8 in nostro potere, di mantenere i dettagli del tuo ordine e pagamento sicuri, ma in assenza di negligenza da parte nostra non possiamo essere ritenuti responsabili per eventuali perdite che potresti subire se un terzo procura accesso non autorizzato a qualsiasi dato che fornisci quando accedi o ordini dal Sito.<\/p>\n\n\n\n<p><strong>3.5. Assicurazione e Consegna<\/strong>: Il tipo, la quantit\u00e0, il modello, il colore, il prezzo di vendita e le informazioni sulla consegna del Prodotto sono forniti dal cliente sul sito web. Il\/i Prodotto\/i verr\u00e0\/verranno consegnato\/i tramite e-mail all&#8217;utente.<\/p>\n\n\n\n<p>4. <strong>CONDIZIONI GENERALI<\/strong><\/p>\n\n\n\n<p><strong>4.1.<\/strong>\u00a0L&#8217;Acquirente dichiara di aver appreso le informazioni sulle propriet\u00e0 di base, il prezzo di vendita del\/i Prodotto\/i, il tipo di pagamento e le altre informazioni preliminari, incluse le informazioni sulla consegna, dal sito web e di aver accettato e confermato tali informazioni tramite l&#8217;ambiente elettronico.<\/p>\n\n\n\n<p><strong>4.2.<\/strong>\u00a0Si riterr\u00e0 inoltre che l&#8217;Acquirente abbia accettato che ha ottenuto le informazioni sulle propriet\u00e0 di base, sul prezzo del Prodotto in una o tutte le valute esposte sul Sito Web, sul tipo di pagamento e sulle informazioni sulla consegna pienamente e completamente con il suo accordo sulle informazioni preliminari tramite l&#8217;ambiente elettronico prima dell&#8217;esecuzione del Contratto a Distanza.<\/p>\n\n\n\n<p><strong>4.3.<\/strong>\u00a0TI Prodotti oggetto del Contratto saranno consegnati all&#8217;Acquirente o all&#8217;indirizzo fornito dall&#8217;Acquirente o alla persona\/entit\u00e0 da designare dall&#8217;Acquirente entro il periodo prescritto nelle informazioni preliminari sul Sito Web.<\/p>\n\n\n\n<p><strong>4.4.<\/strong>\u00a0\u00c8 necessario confermare il modulo di informazioni preliminari tramite l&#8217;ambiente elettronico per la consegna dei Prodotti. PHARUS-TECH sar\u00e0 sollevata dai suoi obblighi qui sotto in caso di mancato pagamento del prezzo dei Prodotti.<\/p>\n\n\n\n<p><strong>4.5.<\/strong>\u00a0PHARUS-TECH informer\u00e0 qualsiasi fallimento della consegna entro il periodo prescritto. In tal caso, l&#8217;Acquirente pu\u00f2 scegliere di annullare l&#8217;ordine, In caso di annullamento dell&#8217;ordine da parte dell&#8217;Acquirente, il prezzo dei Prodotti verr\u00e0 restituito alla banca entro sette (7) giorni dalla cancellazione. Poich\u00e9 ci sar\u00e0 un processo bancario relativo alla transazione di ritorno, l&#8217;Acquirente comprende e accetta che PHARUS-TECH non sar\u00e0 in grado di controllare eventuali ritardi e di conseguenza non sar\u00e0 ritenuta responsabile per il periodo dal ritorno dell&#8217;importo alla carta di credito e il suo riflesso nel conto della carta dalla banca.<\/p>\n\n\n\n<p>Se l&#8217;Acquirente user\u00e0 il suo diritto di cancellazione, o se il Prodotto oggetto del Contratto non pu\u00f2 essere fornito per qualsiasi motivo o se sar\u00e0 deciso dal Comitato di Arbitrato dei Consumatori di restituire il pagamento dell&#8217;ordine all&#8217;Acquirente, la procedura di restituzione dell&#8217;importo alla carta di credito sar\u00e0 come segue:<\/p>\n\n\n\n<p>Nel caso di restituzione di beni e servizi pagati con una carta di credito, PHARUS-TECH non pu\u00f2 restituire l&#8217;importo raccolto in contanti in base al suo accordo con la banca. Il ritorno alla carta di credito sar\u00e0 condotto come definito sopra dalla banca al ritorno dell&#8217;importo da PHARUS-TECH in un unico importo.<\/p>\n\n\n\n<p>5. <strong>INADEMPIMENTO E CONSEGUENZE LEGALI<\/strong><\/p>\n\n\n\n<p>Se l&#8217;Acquirente non effettuer\u00e0 alcun pagamento relativo alle transazioni effettuate con una carta di credito, pagher\u00e0 l&#8217;importo degli interessi e sar\u00e0 responsabile nei confronti della banca in base al contratto di carta di credito concluso tra lui\/lei e la banca. In ogni caso, la Banca pu\u00f2 utilizzare rimedi legali applicabili; richiedere il rimborso di eventuali spese legali e onorari dell&#8217;avvocato dall&#8217;Acquirente, e l&#8217;Acquirente accetta di pagare eventuali perdite e danni subiti da PHARUS-TECH a causa dell&#8217;esecuzione ritardata del debito da parte dell&#8217;Acquirente, in ogni caso.<\/p>\n\n\n\n<p>6. <strong>PRODOTTI PER CUI NON \u00c8 CONSENTITO IL DIRITTO DI RECESSO<\/strong><\/p>\n\n\n\n<p>Non \u00e8 consentito restituire i prodotti che non possono essere restituiti in linea con le loro propriet\u00e0, prodotti monouso, software e programmi riproducibili, documenti duplicabili e beni o prodotti deperibili.<\/p>\n\n\n\n<p>7. <strong>RISOLUZIONE DELLE CONTROVERSIE E GIURISDIZIONE COMPETENTE<\/strong><\/p>\n\n\n\n<p>I Comitati di Arbitrato dei Consumatori e i Tribunali dei Consumatori situati nel luogo di domicilio dell&#8217;Acquirente e nel luogo di acquisto dei Prodotti risolveranno qualsiasi controversia tra le Parti relative al Contratto fino al valore dichiarato dal Ministero del Commercio e della Dogana (TR).<\/p>\n","protected":false},"excerpt":{"rendered":"<p>Contratto di Vendita a Distanza Questo Contratto di Vendita a Distanza \u00e8 stipulato tra PHARUS-TECH (\u201cNoi\u201d \u201cIl Nostro\u201d) e il cliente (\u201cAcquirente\u201d \u201cCliente\u201d \u201cMembro\u201d \u201cVoi\u201d) che accede al Sito Web<a href=\"https:\/\/pharus-tech.com\/it\/distance-selling-agreement\/\" class=\"exp-read-more exp-read-more-dots\">&#8230;<\/a><\/p>\n","protected":false},"author":1,"featured_media":0,"parent":0,"menu_order":0,"comment_status":"closed","ping_status":"open","template":"","meta":{"footnotes":""},"class_list":["post-7426","page","type-page","status-publish","hentry"],"_links":{"self":[{"href":"https:\/\/pharus-tech.com\/it\/wp-json\/wp\/v2\/pages\/7426","targetHints":{"allow":["GET"]}}],"collection":[{"href":"https:\/\/pharus-tech.com\/it\/wp-json\/wp\/v2\/pages"}],"about":[{"href":"https:\/\/pharus-tech.com\/it\/wp-json\/wp\/v2\/types\/page"}],"author":[{"embeddable":true,"href":"https:\/\/pharus-tech.com\/it\/wp-json\/wp\/v2\/users\/1"}],"replies":[{"embeddable":true,"href":"https:\/\/pharus-tech.com\/it\/wp-json\/wp\/v2\/comments?post=7426"}],"version-history":[{"count":1,"href":"https:\/\/pharus-tech.com\/it\/wp-json\/wp\/v2\/pages\/7426\/revisions"}],"predecessor-version":[{"id":7428,"href":"https:\/\/pharus-tech.com\/it\/wp-json\/wp\/v2\/pages\/7426\/revisions\/7428"}],"wp:attachment":[{"href":"https:\/\/pharus-tech.com\/it\/wp-json\/wp\/v2\/media?parent=7426"}],"curies":[{"name":"wp","href":"https:\/\/api.w.org\/{rel}","templated":true}]}}